{"id":2019,"date":"2023-12-15T13:53:23","date_gmt":"2023-12-15T12:53:23","guid":{"rendered":"https:\/\/breaking-taboos.eu\/partnerji\/"},"modified":"2024-12-06T12:38:41","modified_gmt":"2024-12-06T11:38:41","slug":"partnerji","status":"publish","type":"page","link":"https:\/\/breaking-taboos.eu\/sl\/partnerji\/","title":{"rendered":"Partnerji"},"content":{"rendered":"<p>[et_pb_section fb_built=&#8221;1&#8243; _builder_version=&#8221;4.23&#8243; _module_preset=&#8221;default&#8221; collapsed=&#8221;off&#8221; global_colors_info=&#8221;{}&#8221;][et_pb_row _builder_version=&#8221;4.23&#8243; _module_preset=&#8221;60f61655-c9d3-4082-8107-81d224e7c117&#8243; border_width_top=&#8221;0px&#8221; global_colors_info=&#8221;{}&#8221;][et_pb_column type=&#8221;4_4&#8243; _builder_version=&#8221;4.23&#8243; _module_preset=&#8221;default&#8221; global_colors_info=&#8221;{}&#8221;][et_pb_image src=&#8221;https:\/\/breaking-taboos.eu\/wp-content\/uploads\/2023\/12\/lesapprimeurs.png&#8221; alt=&#8221;Les Apprimeurs&#8221; title_text=&#8221;lesapprimeurs&#8221; _builder_version=&#8221;4.23&#8243; _module_preset=&#8221;default&#8221; max_width=&#8221;188px&#8221; global_colors_info=&#8221;{}&#8221;][\/et_pb_image][et_pb_text _builder_version=&#8221;4.23&#8243; _module_preset=&#8221;default&#8221; global_colors_info=&#8221;{}&#8221;]<\/p>\n<h2>Les Apprimeurs<\/h2>\n<p>Francija<\/p>\n<p>Less Apprimeurs je francosko podjetje, specializirano za ustvarjanje prilagojenih digitalnih re\u0161itev za sektorje izobra\u017eevanja, kulture in usposabljanja. Delajo na vzpodbujanju osnovnih in mehkih ve\u0161\u010din ter dostop do znanja za vse, preko izobra\u017eevanj, delavnic, interaktivnih e-knjig in razvoja platform.<\/p>\n<p>[\/et_pb_text][et_pb_button button_url=&#8221;https:\/\/lesapprimeurs.com\/&#8221; url_new_window=&#8221;on&#8221; button_text=&#8221;Obi\u0161\u010dite spletno stran&#8221; _builder_version=&#8221;4.23&#8243; _module_preset=&#8221;b02491ff-7a74-4b7c-bb6b-3dede04a637c&#8221; global_colors_info=&#8221;{}&#8221;][\/et_pb_button][\/et_pb_column][\/et_pb_row][et_pb_row _builder_version=&#8221;4.23&#8243; _module_preset=&#8221;60f61655-c9d3-4082-8107-81d224e7c117&#8243; global_colors_info=&#8221;{}&#8221;][et_pb_column type=&#8221;4_4&#8243; _builder_version=&#8221;4.23&#8243; _module_preset=&#8221;default&#8221; global_colors_info=&#8221;{}&#8221;][et_pb_image src=&#8221;https:\/\/breaking-taboos.eu\/wp-content\/uploads\/2023\/12\/risa.png&#8221; alt=&#8221;Zavod RISA&#8221; title_text=&#8221;risa&#8221; _builder_version=&#8221;4.23&#8243; _module_preset=&#8221;default&#8221; max_width=&#8221;90px&#8221; global_colors_info=&#8221;{}&#8221;][\/et_pb_image][et_pb_text _builder_version=&#8221;4.24.0&#8243; _module_preset=&#8221;default&#8221; global_colors_info=&#8221;{}&#8221;]<\/p>\n<h2>Zavod Risa<\/h2>\n<p>Slovenija<\/p>\n<p>Zavod Risa, center za splo\u0161no, funkcionalno in kulturno opismenjevanje je nevladna organizacija v javnem interesu na podro\u010dju kulture in socialnega varstva. Od ustanovitve leta 2011 do 2018 je zavod deloval kot izklju\u010dno prostovoljska organizacija. Delujejo na podro\u010dju lahkega branja \u2013 center za komunikacijo in lahko branje, osebne asistence, zagovorni\u0161tva in samozagovorni\u0161tva za ljudi, ki so v dru\u017ebi v neenakem in ranljivem polo\u017eaju, povezanim z du\u0161evnim zdravjem. Izvajajo veliko nacionalnih in evropskih projektov, v katerih razvijajo re\u0161itve in orodja, ki jih uporabljajo v rednih programih in za razvoj podro\u010dij, na katerih delujejo.   <\/p>\n<p>[\/et_pb_text][et_pb_button button_url=&#8221;http:\/\/www.risa.si\/&#8221; url_new_window=&#8221;on&#8221; button_text=&#8221;Obi\u0161\u010dite spletno stran&#8221; _builder_version=&#8221;4.23&#8243; _module_preset=&#8221;b02491ff-7a74-4b7c-bb6b-3dede04a637c&#8221; global_colors_info=&#8221;{}&#8221;][\/et_pb_button][\/et_pb_column][\/et_pb_row][et_pb_row _builder_version=&#8221;4.23&#8243; _module_preset=&#8221;60f61655-c9d3-4082-8107-81d224e7c117&#8243; global_colors_info=&#8221;{}&#8221;][et_pb_column type=&#8221;4_4&#8243; _builder_version=&#8221;4.23&#8243; _module_preset=&#8221;default&#8221; global_colors_info=&#8221;{}&#8221;][et_pb_image src=&#8221;https:\/\/breaking-taboos.eu\/wp-content\/uploads\/2023\/12\/juc.png&#8221; alt=&#8221;Druskininku jaunimo uzimtumo centras&#8221; title_text=&#8221;juc&#8221; _builder_version=&#8221;4.23&#8243; _module_preset=&#8221;default&#8221; max_width=&#8221;160px&#8221; global_colors_info=&#8221;{}&#8221;][\/et_pb_image][et_pb_text _builder_version=&#8221;4.23&#8243; _module_preset=&#8221;default&#8221; global_colors_info=&#8221;{}&#8221;]<\/p>\n<h2>Druskininku jaunimo uzimtumo centras<\/h2>\n<p>Litva<\/p>\n<p>Druskininkai Center za mladinske dejavnosti je Litvanska javna ustanova, ki se zavezuje k odprtemu delu z mladimi. Osredoto\u010da se na dejavnosti in samouresni\u010devanje mladih od 14 do 29 let. Center je specializiran za razli\u010dne dejavnosti, naslavljanje izzivov prostega \u010dasa z neformalnim izobra\u017eevanjem. Akreditirana je v programih Erasmus+ in Evropski solidarnostni korpus, odli\u010dno se izka\u017ee pri izvajanju projektov kot organizacija gostiteljica, koordinatorica in po\u0161iljateljica. Center spodbuja sodelovanje, spodbuja inovativne ideje ter promovira lokalne in mednarodne prilo\u017enosti za prostovoljstvo.    <\/p>\n<p>[\/et_pb_text][et_pb_button button_url=&#8221;https:\/\/www.juc.lt\/&#8221; url_new_window=&#8221;on&#8221; button_text=&#8221;Obi\u0161\u010dite spletno stran&#8221; _builder_version=&#8221;4.23&#8243; _module_preset=&#8221;b02491ff-7a74-4b7c-bb6b-3dede04a637c&#8221; global_colors_info=&#8221;{}&#8221;][\/et_pb_button][\/et_pb_column][\/et_pb_row][et_pb_row _builder_version=&#8221;4.23&#8243; _module_preset=&#8221;60f61655-c9d3-4082-8107-81d224e7c117&#8243; global_colors_info=&#8221;{}&#8221;][et_pb_column type=&#8221;4_4&#8243; _builder_version=&#8221;4.23&#8243; _module_preset=&#8221;default&#8221; global_colors_info=&#8221;{}&#8221;][et_pb_image src=&#8221;https:\/\/breaking-taboos.eu\/wp-content\/uploads\/2023\/12\/arteria.png&#8221; alt=&#8221;Fundacja ARTeria&#8221; title_text=&#8221;arteria&#8221; _builder_version=&#8221;4.23&#8243; _module_preset=&#8221;default&#8221; max_width=&#8221;70px&#8221; global_colors_info=&#8221;{}&#8221;][\/et_pb_image][et_pb_text _builder_version=&#8221;4.23&#8243; _module_preset=&#8221;default&#8221; global_colors_info=&#8221;{}&#8221;]<\/p>\n<h2>Fundacja ARTeria<\/h2>\n<p>Poljska<\/p>\n<p>Fundacija ARTeria je bila ustanovljena leta 2006. So nepridobitna organizacija. Izvajajo razli\u010dne projekte in programe, predvsem v podporo umetnikom in predstavnikom ustvarjalnih industrij, skrbijo za razvoj \u0161ir\u0161e razumljenega kulturnega in ustvarjalnega sektorja ter lokalnih skupnosti. Pri svojih dejavnostih se opirajo na tri ideje: kultura brez meja, inovativno izobra\u017eevanje in ve\u010ddimenzionalno sodelovanje. Njihov cilj je ustvariti forum za soo\u010danje razli\u010dnih mnenj in iskanje skupnih vrednot, kot tudi iskanje re\u0161itev za probleme sodobnega sveta v duhu odprtosti in medkulturnega dialoga. ARTeria je \u010dlanica dveh mednarodnih mre\u017e: Culture Action Europe in ENCATC.    <\/p>\n<p>[\/et_pb_text][et_pb_button button_url=&#8221;https:\/\/fundacja-arteria.org\/&#8221; url_new_window=&#8221;on&#8221; button_text=&#8221;Obi\u0161\u010dite spletno stran&#8221; _builder_version=&#8221;4.23&#8243; _module_preset=&#8221;b02491ff-7a74-4b7c-bb6b-3dede04a637c&#8221; global_colors_info=&#8221;{}&#8221;][\/et_pb_button][\/et_pb_column][\/et_pb_row][et_pb_row _builder_version=&#8221;4.23&#8243; _module_preset=&#8221;60f61655-c9d3-4082-8107-81d224e7c117&#8243; global_colors_info=&#8221;{}&#8221;][et_pb_column type=&#8221;4_4&#8243; _builder_version=&#8221;4.23&#8243; _module_preset=&#8221;default&#8221; global_colors_info=&#8221;{}&#8221;][et_pb_image src=&#8221;https:\/\/breaking-taboos.eu\/wp-content\/uploads\/2023\/12\/logopsycom.png&#8221; alt=&#8221;Logopsycom&#8221; title_text=&#8221;logopsycom&#8221; _builder_version=&#8221;4.23&#8243; _module_preset=&#8221;default&#8221; max_width=&#8221;140px&#8221; global_colors_info=&#8221;{}&#8221;][\/et_pb_image][et_pb_text _builder_version=&#8221;4.23&#8243; _module_preset=&#8221;default&#8221; global_colors_info=&#8221;{}&#8221;]<\/p>\n<h2>Logopsycom<\/h2>\n<p>Belgija<\/p>\n<p>Logopsycom je center za inovacije v izobra\u017eevanju, ki ustvarja in uporablja alternativne metode ali orodja (digitalne ali ne), da spremlja \u0161ole, centre poklicnega izobra\u017eevanja, izobra\u017eevalne organizacije, mlade in star\u0161e. Na za\u010detku je bil ustanovljen kot podjetje za oskrbo, specializirano za u\u010dne motnje med mladimi (dispraksija, disfazija, disleksija,..) imenovanimi tudi specifi\u010dne motnje u\u010denja (SLD), zato vedno deluje na dostopnosti vsebine. <\/p>\n<p>[\/et_pb_text][et_pb_button button_url=&#8221;https:\/\/logopsycom.com\/&#8221; url_new_window=&#8221;on&#8221; button_text=&#8221;Obi\u0161\u010dite spletno stran&#8221; _builder_version=&#8221;4.23&#8243; _module_preset=&#8221;b02491ff-7a74-4b7c-bb6b-3dede04a637c&#8221; global_colors_info=&#8221;{}&#8221;][\/et_pb_button][\/et_pb_column][\/et_pb_row][\/et_pb_section]<\/p>\n","protected":false},"excerpt":{"rendered":"<p>Les Apprimeurs Francija Less Apprimeurs je francosko podjetje, specializirano za ustvarjanje prilagojenih digitalnih re\u0161itev za sektorje izobra\u017eevanja, kulture in usposabljanja. Delajo na vzpodbujanju osnovnih in mehkih ve\u0161\u010din ter dostop do znanja za vse, preko izobra\u017eevanj, delavnic, interaktivnih e-knjig in razvoja platform.Zavod Risa Slovenija Zavod Risa, center za splo\u0161no, funkcionalno in kulturno opismenjevanje je nevladna organizacija [&hellip;]<\/p>\n","protected":false},"author":1,"featured_media":0,"parent":0,"menu_order":0,"comment_status":"closed","ping_status":"closed","template":"","meta":{"_acf_changed":false,"_et_pb_use_builder":"on","_et_pb_old_content":"","_et_gb_content_width":"","footnotes":""},"class_list":["post-2019","page","type-page","status-publish","hentry"],"acf":[],"_links":{"self":[{"href":"https:\/\/breaking-taboos.eu\/sl\/wp-json\/wp\/v2\/pages\/2019","targetHints":{"allow":["GET"]}}],"collection":[{"href":"https:\/\/breaking-taboos.eu\/sl\/wp-json\/wp\/v2\/pages"}],"about":[{"href":"https:\/\/breaking-taboos.eu\/sl\/wp-json\/wp\/v2\/types\/page"}],"author":[{"embeddable":true,"href":"https:\/\/breaking-taboos.eu\/sl\/wp-json\/wp\/v2\/users\/1"}],"replies":[{"embeddable":true,"href":"https:\/\/breaking-taboos.eu\/sl\/wp-json\/wp\/v2\/comments?post=2019"}],"version-history":[{"count":12,"href":"https:\/\/breaking-taboos.eu\/sl\/wp-json\/wp\/v2\/pages\/2019\/revisions"}],"predecessor-version":[{"id":8060,"href":"https:\/\/breaking-taboos.eu\/sl\/wp-json\/wp\/v2\/pages\/2019\/revisions\/8060"}],"wp:attachment":[{"href":"https:\/\/breaking-taboos.eu\/sl\/wp-json\/wp\/v2\/media?parent=2019"}],"curies":[{"name":"wp","href":"https:\/\/api.w.org\/{rel}","templated":true}]}}