{"id":1776,"date":"2023-12-15T14:36:52","date_gmt":"2023-12-15T13:36:52","guid":{"rendered":"https:\/\/breaking-taboos.eu\/projekt\/"},"modified":"2024-07-26T15:28:44","modified_gmt":"2024-07-26T13:28:44","slug":"projekt","status":"publish","type":"page","link":"https:\/\/breaking-taboos.eu\/sl\/projekt\/","title":{"rendered":"Projekt"},"content":{"rendered":"\n<h2 class=\"wp-block-heading\">Kontekst<\/h2>\n\n<p>Dandanes je du\u0161evno zdravje prioriteta za ve\u010dino ljudi po vsem svetu. Ne samo zato, ker se mnogi, predvsem najstniki, s tem spopadajo &#8211; po podatkih Unicefa je samomor drugi najpogostej\u0161i vzrok smrti med evropskimi najstniki leta 2022 &#8211; ampak tudi zato, ker je \u0161e vedno stigmatizirano, kar pomeni, da trpe\u010di ljudje postanejo \u0161e bolj izolirani in prezrti.<\/p>\n\n<p>Breaking Taboos About Mental Health je evropski projekt, katerega cilji so:<\/p>\n\n<ul class=\"wp-block-list\">\n<li>&#8220;boj proti stigmi, povezani z du\u0161evnim zdravjem in du\u0161evnimi motnjami&#8221;<\/li>\n\n\n\n<li>ozave\u0161\u010danje ljudi, \u0161e posebej mladih<\/li>\n\n\n\n<li>usposabljanje strokovnjakov, ki delajo z najstniki, starimi med 15 in 19 let.<\/li>\n<\/ul>\n\n<h2 class=\"wp-block-heading\">Sodelovanje s partnerji<\/h2>\n\n<p>Za dosego tega cilja partnerji delajo na ustvarjanju uporabnih virov:<\/p>\n\n<ul class=\"wp-block-list\">\n<li><strong>Preventivni komplet<\/strong> &#8211; vklju\u010duje vodnik za mladinske delavce, infografike, plakate in bro\u0161uro v preprostem jeziku za mlade.<\/li>\n\n\n\n<li><strong>5 interaktivnih stripov<\/strong> &#8211; o du\u0161evnih motnjah kot sredstvu za pove\u010danje ozave\u0161\u010denosti in nudenje dodatne podpore najstnikom<\/li>\n\n\n\n<li><strong>30 pedago\u0161kih listov in listov dejavnosti<\/strong> &#8211; z namenom vklju\u010devanja teoreti\u010dnega znanja v vsakodnevno prakso.<\/li>\n\n\n\n<li><strong>Kviz za samooceno<\/strong> &#8211; za mladinske delavce, da lahko ocenijo svoje znanje o du\u0161evnem zdravju in te\u017eavah.<\/li>\n\n\n\n<li><strong>25 najbolj\u0161ih praks<\/strong> &#8211; za navdih iz inovativnih organizacij in ukrepov na podro\u010dju prepre\u010devanja du\u0161evnih te\u017eav, ki jih vodijo v Evrop<\/li>\n<\/ul>\n\n<p>Mo\u010dno verjamemo, da bi moralo du\u0161evno zdravje biti temeljna in pomembna tema v \u017eivljenju vsakega posameznika. Hkrati \u017eelimo prispevati k odpravljanju stigme okoli tega z ustvarjanjem rodovitnega okolja za deljenje in sodelovanje, z namenom gradnje sre\u010dnej\u0161e in predvsem bolj zdrave prihodnosti skupaj.<\/p>\n\n<h2 class=\"wp-block-heading\">Podpora in financiranje<\/h2>\n\n<p>Projekt Breaking Taboos about Mental Healt je financiran iz Erasmus+ programa.<\/p>\n","protected":false},"excerpt":{"rendered":"<p>Kontekst Dandanes je du\u0161evno zdravje prioriteta za ve\u010dino ljudi po vsem svetu. Ne samo zato, ker se mnogi, predvsem najstniki, s tem spopadajo &#8211; po podatkih Unicefa je samomor drugi najpogostej\u0161i vzrok smrti med evropskimi najstniki leta 2022 &#8211; ampak tudi zato, ker je \u0161e vedno stigmatizirano, kar pomeni, da trpe\u010di ljudje postanejo \u0161e bolj [&hellip;]<\/p>\n","protected":false},"author":1,"featured_media":0,"parent":0,"menu_order":0,"comment_status":"closed","ping_status":"closed","template":"","meta":{"_acf_changed":false,"_et_pb_use_builder":"off","_et_pb_old_content":"","_et_gb_content_width":"","footnotes":""},"class_list":["post-1776","page","type-page","status-publish","hentry"],"acf":[],"_links":{"self":[{"href":"https:\/\/breaking-taboos.eu\/sl\/wp-json\/wp\/v2\/pages\/1776","targetHints":{"allow":["GET"]}}],"collection":[{"href":"https:\/\/breaking-taboos.eu\/sl\/wp-json\/wp\/v2\/pages"}],"about":[{"href":"https:\/\/breaking-taboos.eu\/sl\/wp-json\/wp\/v2\/types\/page"}],"author":[{"embeddable":true,"href":"https:\/\/breaking-taboos.eu\/sl\/wp-json\/wp\/v2\/users\/1"}],"replies":[{"embeddable":true,"href":"https:\/\/breaking-taboos.eu\/sl\/wp-json\/wp\/v2\/comments?post=1776"}],"version-history":[{"count":2,"href":"https:\/\/breaking-taboos.eu\/sl\/wp-json\/wp\/v2\/pages\/1776\/revisions"}],"predecessor-version":[{"id":2463,"href":"https:\/\/breaking-taboos.eu\/sl\/wp-json\/wp\/v2\/pages\/1776\/revisions\/2463"}],"wp:attachment":[{"href":"https:\/\/breaking-taboos.eu\/sl\/wp-json\/wp\/v2\/media?parent=1776"}],"curies":[{"name":"wp","href":"https:\/\/api.w.org\/{rel}","templated":true}]}}