{"id":2016,"date":"2023-12-15T13:53:23","date_gmt":"2023-12-15T12:53:23","guid":{"rendered":"https:\/\/breaking-taboos.eu\/partnerzy\/"},"modified":"2024-12-06T12:38:19","modified_gmt":"2024-12-06T11:38:19","slug":"partnerzy","status":"publish","type":"page","link":"https:\/\/breaking-taboos.eu\/pl\/partnerzy\/","title":{"rendered":"Partnerzy"},"content":{"rendered":"<p>[et_pb_section fb_built=&#8221;1&#8243; _builder_version=&#8221;4.23&#8243; _module_preset=&#8221;default&#8221; collapsed=&#8221;off&#8221; global_colors_info=&#8221;{}&#8221;][et_pb_row _builder_version=&#8221;4.23&#8243; _module_preset=&#8221;60f61655-c9d3-4082-8107-81d224e7c117&#8243; border_width_top=&#8221;0px&#8221; global_colors_info=&#8221;{}&#8221;][et_pb_column type=&#8221;4_4&#8243; _builder_version=&#8221;4.23&#8243; _module_preset=&#8221;default&#8221; global_colors_info=&#8221;{}&#8221;][et_pb_image src=&#8221;https:\/\/breaking-taboos.eu\/wp-content\/uploads\/2023\/12\/lesapprimeurs.png&#8221; alt=&#8221;Les Apprimeurs&#8221; title_text=&#8221;lesapprimeurs&#8221; _builder_version=&#8221;4.23&#8243; _module_preset=&#8221;default&#8221; max_width=&#8221;188px&#8221; global_colors_info=&#8221;{}&#8221;][\/et_pb_image][et_pb_text _builder_version=&#8221;4.23&#8243; _module_preset=&#8221;default&#8221; global_colors_info=&#8221;{}&#8221;]<\/p>\n<h2>Les Apprimeurs<\/h2>\n<p>Francja<\/p>\n<p>Les Apprimeurs to francuska firma specjalizuj\u0105ca si\u0119 w tworzeniu rozwi\u0105za\u0144 cyfrowych dedykowanych dla sektora edukacji, kultury i szkole\u0144. Pracuje nad promowaniem podstawowych i mi\u0119kkich umiej\u0119tno\u015bci oraz dost\u0119pem do wiedzy dla wszystkich poprzez szkolenia, warsztaty, interaktywne e-booki i tworzenie platform.<\/p>\n<p>[\/et_pb_text][et_pb_button button_url=&#8221;https:\/\/lesapprimeurs.com\/&#8221; url_new_window=&#8221;on&#8221; button_text=&#8221;Odwied\u017a stron\u0119 internetow\u0105&#8221; _builder_version=&#8221;4.23&#8243; _module_preset=&#8221;b02491ff-7a74-4b7c-bb6b-3dede04a637c&#8221; global_colors_info=&#8221;{}&#8221;][\/et_pb_button][\/et_pb_column][\/et_pb_row][et_pb_row _builder_version=&#8221;4.23&#8243; _module_preset=&#8221;60f61655-c9d3-4082-8107-81d224e7c117&#8243; global_colors_info=&#8221;{}&#8221;][et_pb_column type=&#8221;4_4&#8243; _builder_version=&#8221;4.23&#8243; _module_preset=&#8221;default&#8221; global_colors_info=&#8221;{}&#8221;][et_pb_image src=&#8221;https:\/\/breaking-taboos.eu\/wp-content\/uploads\/2023\/12\/risa.png&#8221; alt=&#8221;Zavod RISA&#8221; title_text=&#8221;risa&#8221; _builder_version=&#8221;4.23&#8243; _module_preset=&#8221;default&#8221; max_width=&#8221;90px&#8221; global_colors_info=&#8221;{}&#8221;][\/et_pb_image][et_pb_text _builder_version=&#8221;4.24.0&#8243; _module_preset=&#8221;default&#8221; global_colors_info=&#8221;{}&#8221;]<\/p>\n<h2>Zavod Risa<\/h2>\n<p>S\u0142owenia<\/p>\n<p>Instytut Risa, Centrum Kompetencji Og\u00f3lnych, Funkcjonalnych i Kulturalnych, jest organizacj\u0105 pozarz\u0105dow\u0105 dzia\u0142aj\u0105c\u0105 w interesie publicznym w dziedzinie kultury i opieki spo\u0142ecznej. Od momentu powstania w 2011 r. do 2018 r. Instytut funkcjonowa\u0142 wy\u0142\u0105cznie jako organizacja wolontariacka. Dzia\u0142a w dziedzinie \u0142atwego czytania, pomocy personalnej, rzecznictwa i samopomocy &#8211; dla os\u00f3b w spo\u0142ecze\u0144stwie znajduj\u0105cych si\u0119 w nier\u00f3wnorz\u0119dnej i trudnej sytuacji, szczeg\u00f3lnie zwi\u0105zanej ze zdrowiem psychicznym. Realizuje r\u00f3wnie\u017c liczne projekty krajowe i europejskie, w ramach kt\u00f3rych opracowuje rozwi\u0105zania i narz\u0119dzia wykorzystywane w regularnych programach oraz do rozwoju obszar\u00f3w, w kt\u00f3rych dzia\u0142a.   <\/p>\n<p>[\/et_pb_text][et_pb_button button_url=&#8221;http:\/\/www.risa.si\/&#8221; url_new_window=&#8221;on&#8221; button_text=&#8221;Odwied\u017a stron\u0119 internetow\u0105&#8221; _builder_version=&#8221;4.23&#8243; _module_preset=&#8221;b02491ff-7a74-4b7c-bb6b-3dede04a637c&#8221; global_colors_info=&#8221;{}&#8221;][\/et_pb_button][\/et_pb_column][\/et_pb_row][et_pb_row _builder_version=&#8221;4.23&#8243; _module_preset=&#8221;60f61655-c9d3-4082-8107-81d224e7c117&#8243; global_colors_info=&#8221;{}&#8221;][et_pb_column type=&#8221;4_4&#8243; _builder_version=&#8221;4.23&#8243; _module_preset=&#8221;default&#8221; global_colors_info=&#8221;{}&#8221;][et_pb_image src=&#8221;https:\/\/breaking-taboos.eu\/wp-content\/uploads\/2023\/12\/juc.png&#8221; alt=&#8221;Druskininku jaunimo uzimtumo centras&#8221; title_text=&#8221;juc&#8221; _builder_version=&#8221;4.23&#8243; _module_preset=&#8221;default&#8221; max_width=&#8221;160px&#8221; global_colors_info=&#8221;{}&#8221;][\/et_pb_image][et_pb_text _builder_version=&#8221;4.23&#8243; _module_preset=&#8221;default&#8221; global_colors_info=&#8221;{}&#8221;]<\/p>\n<h2>Druskininku jaunimo uzimtumo centras<\/h2>\n<p>Litwa<\/p>\n<p>Druskininkai Youth Activity Centre to litewska instytucja publiczna zaanga\u017cowana w otwart\u0105 prac\u0119 z m\u0142odzie\u017c\u0105. Skupia si\u0119 na aktywno\u015bciach i samorealizacji m\u0142odych ludzi w wieku od 14 do 29 lat. Specjalizuje si\u0119 w r\u00f3\u017cnorodnych dzia\u0142aniach, bior\u0105c pod uwag\u0119 wyzwania zwi\u0105zane z czasem wolnym, poprzez edukacj\u0119 pozaszkoln\u0105. Jest akredytowana w ramach programu Erasmus+ i Europejskiego Korpusu Solidarno\u015bci, doskonale sprawdza si\u0119 w realizacji projekt\u00f3w jako organizacja goszcz\u0105ca, koordynuj\u0105ca i wysy\u0142aj\u0105ca. Centrum zach\u0119ca do wsp\u00f3\u0142pracy, wspiera innowacyjne pomys\u0142y i promuje lokalne oraz mi\u0119dzynarodowe mo\u017cliwo\u015bci wolontariatu.    <\/p>\n<p>[\/et_pb_text][et_pb_button button_url=&#8221;https:\/\/www.juc.lt\/&#8221; url_new_window=&#8221;on&#8221; button_text=&#8221;Odwied\u017a stron\u0119 internetow\u0105&#8221; _builder_version=&#8221;4.23&#8243; _module_preset=&#8221;b02491ff-7a74-4b7c-bb6b-3dede04a637c&#8221; global_colors_info=&#8221;{}&#8221;][\/et_pb_button][\/et_pb_column][\/et_pb_row][et_pb_row _builder_version=&#8221;4.23&#8243; _module_preset=&#8221;60f61655-c9d3-4082-8107-81d224e7c117&#8243; global_colors_info=&#8221;{}&#8221;][et_pb_column type=&#8221;4_4&#8243; _builder_version=&#8221;4.23&#8243; _module_preset=&#8221;default&#8221; global_colors_info=&#8221;{}&#8221;][et_pb_image src=&#8221;https:\/\/breaking-taboos.eu\/wp-content\/uploads\/2023\/12\/arteria.png&#8221; alt=&#8221;Fundacja ARTeria&#8221; title_text=&#8221;arteria&#8221; _builder_version=&#8221;4.23&#8243; _module_preset=&#8221;default&#8221; max_width=&#8221;70px&#8221; global_colors_info=&#8221;{}&#8221;][\/et_pb_image][et_pb_text _builder_version=&#8221;4.23&#8243; _module_preset=&#8221;default&#8221; global_colors_info=&#8221;{}&#8221;]<\/p>\n<h2>Fundacja ARTeria<\/h2>\n<p>Polska<\/p>\n<p>Fundacja ARTeria powsta\u0142a w 2006 roku. Jest organizacj\u0105 non-profit. Realizuje r\u00f3\u017cnorodne projekty i programy, zwi\u0105zane przede wszystkim ze wspieraniem artyst\u00f3w i reprezentant\u00f3w bran\u017c kreatywnych, rozwojem szeroko rozumianego sektora kultury, a tak\u017ce spo\u0142eczno\u015bci lokalnych. W swoich dzia\u0142aniach opiera si\u0119 na trzech ideach: kultura bez granic, innowacyjna edukacja i wielowymiarowa wsp\u00f3\u0142praca. Celem organizacji jest tworzenie forum do konfrontacji pogl\u0105d\u00f3w i tworzenia wzajemnych warto\u015bci, a tak\u017ce poszukiwanie rozwi\u0105za\u0144 problem\u00f3w wsp\u00f3\u0142czesnego \u015bwiata w duchu otwarto\u015bci i dialogu mi\u0119dzykulturowego. ARTeria jest cz\u0142onkiem dw\u00f3ch mi\u0119dzynarodowych sieci: Culture Action Europe i ENCATC.    <\/p>\n<p>[\/et_pb_text][et_pb_button button_url=&#8221;https:\/\/fundacja-arteria.org\/&#8221; url_new_window=&#8221;on&#8221; button_text=&#8221;Odwied\u017a stron\u0119 internetow\u0105&#8221; _builder_version=&#8221;4.23&#8243; _module_preset=&#8221;b02491ff-7a74-4b7c-bb6b-3dede04a637c&#8221; global_colors_info=&#8221;{}&#8221;][\/et_pb_button][\/et_pb_column][\/et_pb_row][et_pb_row _builder_version=&#8221;4.23&#8243; _module_preset=&#8221;60f61655-c9d3-4082-8107-81d224e7c117&#8243; global_colors_info=&#8221;{}&#8221;][et_pb_column type=&#8221;4_4&#8243; _builder_version=&#8221;4.23&#8243; _module_preset=&#8221;default&#8221; global_colors_info=&#8221;{}&#8221;][et_pb_image src=&#8221;https:\/\/breaking-taboos.eu\/wp-content\/uploads\/2023\/12\/logopsycom.png&#8221; alt=&#8221;Logopsycom&#8221; title_text=&#8221;logopsycom&#8221; _builder_version=&#8221;4.23&#8243; _module_preset=&#8221;default&#8221; max_width=&#8221;140px&#8221; global_colors_info=&#8221;{}&#8221;][\/et_pb_image][et_pb_text _builder_version=&#8221;4.23&#8243; _module_preset=&#8221;default&#8221; global_colors_info=&#8221;{}&#8221;]<\/p>\n<h2>Logopsycom<\/h2>\n<p>Belgia<\/p>\n<p>Logopsycom to centrum innowacji edukacyjnych, kt\u00f3re tworzy i wykorzystuje alternatywne metody i narz\u0119dzia (cyfrowe lub nie) do wspomagania szk\u00f3\u0142, centr\u00f3w kszta\u0142cenia zawodowego, organizacji edukacyjnych, m\u0142odzie\u017cy i rodzic\u00f3w. Pocz\u0105tkowo zosta\u0142o utworzone jako firma specjalizuj\u0105ca si\u0119 w opiece nad m\u0142odzie\u017c\u0105, szczeg\u00f3lnie w zakresie trudno\u015bci w nauce, zw\u0142aszcza w obszarze &#8222;dys&#8221; (dyspraksja, dysfazja, dysleksja itp.), nazywanych r\u00f3wnie\u017c specyficznymi trudno\u015bciami w uczeniu si\u0119. Centrum zawsze dba o dost\u0119pno\u015b\u0107 wypracowanych tre\u015bci. <\/p>\n<p>[\/et_pb_text][et_pb_button button_url=&#8221;https:\/\/logopsycom.com\/&#8221; url_new_window=&#8221;on&#8221; button_text=&#8221;Odwied\u017a stron\u0119 internetow\u0105&#8221; _builder_version=&#8221;4.23&#8243; _module_preset=&#8221;b02491ff-7a74-4b7c-bb6b-3dede04a637c&#8221; global_colors_info=&#8221;{}&#8221;][\/et_pb_button][\/et_pb_column][\/et_pb_row][\/et_pb_section]<\/p>\n","protected":false},"excerpt":{"rendered":"<p>Les Apprimeurs Francja Les Apprimeurs to francuska firma specjalizuj\u0105ca si\u0119 w tworzeniu rozwi\u0105za\u0144 cyfrowych dedykowanych dla sektora edukacji, kultury i szkole\u0144. Pracuje nad promowaniem podstawowych i mi\u0119kkich umiej\u0119tno\u015bci oraz dost\u0119pem do wiedzy dla wszystkich poprzez szkolenia, warsztaty, interaktywne e-booki i tworzenie platform.Zavod Risa S\u0142owenia Instytut Risa, Centrum Kompetencji Og\u00f3lnych, Funkcjonalnych i Kulturalnych, jest organizacj\u0105 pozarz\u0105dow\u0105 [&hellip;]<\/p>\n","protected":false},"author":1,"featured_media":0,"parent":0,"menu_order":0,"comment_status":"closed","ping_status":"closed","template":"","meta":{"_acf_changed":false,"_et_pb_use_builder":"on","_et_pb_old_content":"","_et_gb_content_width":"","footnotes":""},"class_list":["post-2016","page","type-page","status-publish","hentry"],"acf":[],"_links":{"self":[{"href":"https:\/\/breaking-taboos.eu\/pl\/wp-json\/wp\/v2\/pages\/2016","targetHints":{"allow":["GET"]}}],"collection":[{"href":"https:\/\/breaking-taboos.eu\/pl\/wp-json\/wp\/v2\/pages"}],"about":[{"href":"https:\/\/breaking-taboos.eu\/pl\/wp-json\/wp\/v2\/types\/page"}],"author":[{"embeddable":true,"href":"https:\/\/breaking-taboos.eu\/pl\/wp-json\/wp\/v2\/users\/1"}],"replies":[{"embeddable":true,"href":"https:\/\/breaking-taboos.eu\/pl\/wp-json\/wp\/v2\/comments?post=2016"}],"version-history":[{"count":15,"href":"https:\/\/breaking-taboos.eu\/pl\/wp-json\/wp\/v2\/pages\/2016\/revisions"}],"predecessor-version":[{"id":8058,"href":"https:\/\/breaking-taboos.eu\/pl\/wp-json\/wp\/v2\/pages\/2016\/revisions\/8058"}],"wp:attachment":[{"href":"https:\/\/breaking-taboos.eu\/pl\/wp-json\/wp\/v2\/media?parent=2016"}],"curies":[{"name":"wp","href":"https:\/\/api.w.org\/{rel}","templated":true}]}}