{"id":1774,"date":"2023-12-15T14:36:52","date_gmt":"2023-12-15T13:36:52","guid":{"rendered":"https:\/\/breaking-taboos.eu\/projekcie\/"},"modified":"2024-07-26T15:28:44","modified_gmt":"2024-07-26T13:28:44","slug":"projekcie","status":"publish","type":"page","link":"https:\/\/breaking-taboos.eu\/pl\/projekcie\/","title":{"rendered":"Projekt"},"content":{"rendered":"\n<h2 class=\"wp-block-heading\">Kontekst<\/h2>\n\n<p>W obecnych czasach zdrowie psychiczne jest priorytetowym tematem dla ogromnej wi\u0119kszo\u015bci ludzi na ca\u0142ym \u015bwiecie. Nie tylko dlatego, \u017ce wielu z nich, g\u0142\u00f3wnie nastolatk\u00f3w, boryka si\u0119 z problemami w obr\u0119bie zdrowia psychicznego &#8211; wed\u0142ug UNICEF samob\u00f3jstwo by\u0142o drug\u0105 najcz\u0119stsz\u0105 przyczyn\u0105 \u015bmierci europejskich nastolatk\u00f3w w 2022 roku &#8211; ale tak\u017ce z tego powodu, \u017ce wci\u0105\u017c jest ono stygmatyzowane. To sprawia, \u017ce cierpi\u0105ce osoby s\u0105 jeszcze bardziej odizolowane i niedostrzegane.<\/p>\n\n<p>Breaking Taboos About Mental Health jest projektem europejskim maj\u0105cym na celu:<\/p>\n\n<ul class=\"wp-block-list\">\n<li>walk\u0119 ze stygmatyzacj\u0105 zdrowia psychicznego i zaburze\u0144 psychicznych<\/li>\n\n\n\n<li>podnoszenie \u015bwiadomo\u015bci ludzi, zw\u0142aszcza m\u0142odych<\/li>\n\n\n\n<li>szkolenie profesjonalist\u00f3w pracuj\u0105cych z osobami w wieku od 15 do 19 roku \u017cycia<\/li>\n<\/ul>\n\n<h2 class=\"wp-block-heading\">Rezultaty projektu<\/h2>\n\n<p>Aby osi\u0105gn\u0105\u0107 cel, partnerzey pracuj\u0105 nad stworzeniem przydatnych zasob\u00f3w:<\/p>\n\n<ul class=\"wp-block-list\">\n<li><strong>Zestaw profilaktyczny<\/strong> &#8211; zawiera przewodnik dla pracownik\u00f3w m\u0142odzie\u017cowych, infografiki, plakaty i broszur\u0119 dla m\u0142odych ludzi w jasnym i czytelnym j\u0119zyku<\/li>\n\n\n\n<li><strong>5 interaktywnych komiks\u00f3w<\/strong> &#8211; dotycz\u0105cych zaburze\u0144 zdrowia psychicznego, jako narz\u0119dzie zwi\u0119kszaj\u0105ce \u015bwiadomo\u015b\u0107 i oferuj\u0105ce dodatkowe wsparcie nastolatkom<\/li>\n\n\n\n<li><strong>Arkusze pedagogiczne dla profesjonalist\u00f3w<\/strong> &#8211; zorientowane na przek\u0142adanie wiedzy teoretycznej w codzienn\u0105 praktyk\u0119<\/li>\n\n\n\n<li><strong>Quiz samooceny<\/strong> &#8211; dla pracownik\u00f3w m\u0142odzie\u017cowych do oceny w\u0142asnej wiedzy na temat zagadnie\u0144 zwi\u0105zanych ze zdrowiem psychicznym<\/li>\n\n\n\n<li><strong>25 najlepszych praktyk<\/strong> &#8211; \u017ceby czerpa\u0107 inspiracj\u0119 z innowacyjnych organizacji i dzia\u0142a\u0144 dotycz\u0105cych zapobiegania problemom zdrowia psychicznego, realizowanych w Europie<\/li>\n<\/ul>\n\n<p>Mocno wierzymy, \u017ce zdrowie psychiczne powinno by\u0107 jednym z najwa\u017cniejszych temat\u00f3w w \u017cyciu ka\u017cdego cz\u0142owieka. Jednocze\u015bnie pragniemy przyczyni\u0107 si\u0119 do prze\u0142amania zwi\u0105zanej z nim stygmatyzacji, tworz\u0105c \u017cyzne pod\u0142o\u017ce dla dzielenia si\u0119 tym zagadnieniem i uczestnictwa w dyskusji, maj\u0105c na celu wsp\u00f3lne budowanie szcz\u0119\u015bliwej, a przede wszystkim zdrowszej przysz\u0142o\u015bci.<\/p>\n\n<h2 class=\"wp-block-heading\">Wsparcie i finansowanie<\/h2>\n\n<p>Projekt Breaking Taboos about Mental Health jest wsp\u00f3\u0142finansowany przez program Erasmus+.<\/p>\n","protected":false},"excerpt":{"rendered":"<p>Kontekst W obecnych czasach zdrowie psychiczne jest priorytetowym tematem dla ogromnej wi\u0119kszo\u015bci ludzi na ca\u0142ym \u015bwiecie. Nie tylko dlatego, \u017ce wielu z nich, g\u0142\u00f3wnie nastolatk\u00f3w, boryka si\u0119 z problemami w obr\u0119bie zdrowia psychicznego &#8211; wed\u0142ug UNICEF samob\u00f3jstwo by\u0142o drug\u0105 najcz\u0119stsz\u0105 przyczyn\u0105 \u015bmierci europejskich nastolatk\u00f3w w 2022 roku &#8211; ale tak\u017ce z tego powodu, \u017ce wci\u0105\u017c [&hellip;]<\/p>\n","protected":false},"author":1,"featured_media":0,"parent":0,"menu_order":0,"comment_status":"closed","ping_status":"closed","template":"","meta":{"_acf_changed":false,"_et_pb_use_builder":"off","_et_pb_old_content":"","_et_gb_content_width":"","footnotes":""},"class_list":["post-1774","page","type-page","status-publish","hentry"],"acf":[],"_links":{"self":[{"href":"https:\/\/breaking-taboos.eu\/pl\/wp-json\/wp\/v2\/pages\/1774","targetHints":{"allow":["GET"]}}],"collection":[{"href":"https:\/\/breaking-taboos.eu\/pl\/wp-json\/wp\/v2\/pages"}],"about":[{"href":"https:\/\/breaking-taboos.eu\/pl\/wp-json\/wp\/v2\/types\/page"}],"author":[{"embeddable":true,"href":"https:\/\/breaking-taboos.eu\/pl\/wp-json\/wp\/v2\/users\/1"}],"replies":[{"embeddable":true,"href":"https:\/\/breaking-taboos.eu\/pl\/wp-json\/wp\/v2\/comments?post=1774"}],"version-history":[{"count":8,"href":"https:\/\/breaking-taboos.eu\/pl\/wp-json\/wp\/v2\/pages\/1774\/revisions"}],"predecessor-version":[{"id":2485,"href":"https:\/\/breaking-taboos.eu\/pl\/wp-json\/wp\/v2\/pages\/1774\/revisions\/2485"}],"wp:attachment":[{"href":"https:\/\/breaking-taboos.eu\/pl\/wp-json\/wp\/v2\/media?parent=1774"}],"curies":[{"name":"wp","href":"https:\/\/api.w.org\/{rel}","templated":true}]}}