{"id":1764,"date":"2024-01-16T10:47:16","date_gmt":"2024-01-16T09:47:16","guid":{"rendered":"https:\/\/breaking-taboos.eu\/kontaktirajte-nas\/"},"modified":"2024-07-26T15:35:51","modified_gmt":"2024-07-26T13:35:51","slug":"skontaktuj-sie-z-nami","status":"publish","type":"page","link":"https:\/\/breaking-taboos.eu\/pl\/skontaktuj-sie-z-nami\/","title":{"rendered":"Skontaktuj si\u0119 z nami"},"content":{"rendered":"\n<p>Chcesz si\u0119 z nami skontaktowa\u0107? Nie obawiaj si\u0119! Odpowiemy tak szybko, jak to tylko mo\u017cliwe.<\/p>\n\n<div class=\"forminator-guttenberg\"><div class=\"forminator-ui forminator-custom-form forminator-custom-form-1098 forminator-design--default  forminator_ajax\" data-forminator-render=\"0\" data-form=\"forminator-module-1098\" data-uid=\"69e747457c159\"><br\/><\/div><form\n\t\t\t\tid=\"forminator-module-1098\"\n\t\t\t\tclass=\"forminator-ui forminator-custom-form forminator-custom-form-1098 forminator-design--default  forminator_ajax\"\n\t\t\t\tmethod=\"post\"\n\t\t\t\tdata-forminator-render=\"0\"\n\t\t\t\tdata-form-id=\"1098\"\n\t\t\t\t data-color-option=\"default\" data-design=\"default\" data-grid=\"open\" style=\"display: none;\"\n\t\t\t\tdata-uid=\"69e747457c159\"\n\t\t\t><div role=\"alert\" aria-live=\"polite\" class=\"forminator-response-message forminator-error\" aria-hidden=\"true\"><\/div><div class=\"forminator-row\"><div id=\"text-1\" class=\"forminator-field-text forminator-col forminator-col-12 \"><div class=\"forminator-field\"><label for=\"forminator-field-text-1_69e747457c159\" id=\"forminator-field-text-1_69e747457c159-label\" class=\"forminator-label\">Name<\/label><input type=\"text\" name=\"text-1\" value=\"\" placeholder=\"E.g. text placeholder\" id=\"forminator-field-text-1_69e747457c159\" class=\"forminator-input forminator-name--field\" data-required=\"\" \/><\/div><\/div><\/div><div class=\"forminator-row\"><div id=\"email-1\" class=\"forminator-field-email forminator-col forminator-col-12 \"><div class=\"forminator-field\"><label for=\"forminator-field-email-1_69e747457c159\" id=\"forminator-field-email-1_69e747457c159-label\" class=\"forminator-label\">Email Address <span class=\"forminator-required\">*<\/span><\/label><input type=\"email\" name=\"email-1\" value=\"\" placeholder=\"E.g. john@doe.com\" id=\"forminator-field-email-1_69e747457c159\" class=\"forminator-input forminator-email--field\" data-required=\"true\" aria-required=\"true\" autocomplete=\"email\" \/><\/div><\/div><\/div><div class=\"forminator-row\"><div id=\"textarea-1\" class=\"forminator-field-textarea forminator-col forminator-col-12 \"><div class=\"forminator-field\"><label for=\"forminator-field-textarea-1_69e747457c159\" id=\"forminator-field-textarea-1_69e747457c159-label\" class=\"forminator-label\">Message<\/label><textarea name=\"textarea-1\" placeholder=\"Enter your message...\" id=\"forminator-field-textarea-1_69e747457c159\" class=\"forminator-textarea\" rows=\"6\" style=\"min-height:140px;\" maxlength=\"180\" ><\/textarea><span id=\"forminator-field-textarea-1_69e747457c159-description\" class=\"forminator-description\"><span data-limit=\"180\" data-type=\"characters\" data-editor=\"\">0 \/ 180<\/span><\/span><\/div><\/div><\/div><div class=\"forminator-row\"><div id=\"consent-1\" class=\"forminator-field-consent forminator-col forminator-col-12 \"><div class=\"forminator-field\"><label for=\"forminator-field-consent-1_69e747457c159\" id=\"forminator-field-consent-1_69e747457c159-label\" class=\"forminator-label\">Consent <span class=\"forminator-required\">*<\/span><\/label><div class=\"forminator-checkbox__wrapper\"><label id=\"forminator-field-consent-1_69e747457c159__label\" class=\"forminator-checkbox forminator-consent\" aria-labelledby=\"forminator-field-consent-1_69e747457c159-label\"><input type=\"checkbox\" name=\"consent-1\" id=\"forminator-field-consent-1_69e747457c159\" value=\"checked\" aria-labelledby=\"forminator-field-consent-1_69e747457c159-label\" aria-describedby=\"forminator-field-consent-1_69e747457c159__description\" data-required=\"true\" aria-required=\"true\" \/><span class=\"forminator-checkbox-box\" aria-hidden=\"true\"><\/span><\/label><div id=\"forminator-field-consent-1_69e747457c159__description\" class=\"forminator-checkbox__label forminator-consent__label\"><p>I agree that these information may be used by Breaking Taboos about Mental Health to contact me.<\/p><\/div><\/div><\/div><\/div><\/div><input type=\"hidden\" name=\"referer_url\" value=\"\" \/><div class=\"forminator-row forminator-row-last\"><div class=\"forminator-col\"><div class=\"forminator-field\"><button class=\"forminator-button forminator-button-submit\">Send Message<\/button><\/div><\/div><\/div><input type=\"hidden\" id=\"forminator_nonce\" name=\"forminator_nonce\" value=\"b5ede4bef8\" \/><input type=\"hidden\" name=\"_wp_http_referer\" value=\"\/pl\/wp-json\/wp\/v2\/pages\/1764\" \/><input type=\"hidden\" name=\"form_id\" value=\"1098\"><input type=\"hidden\" name=\"page_id\" value=\"1764\"><input type=\"hidden\" name=\"form_type\" value=\"default\"><input type=\"hidden\" name=\"current_url\" value=\"https:\/\/breaking-taboos.eu\/pl\/skontaktuj-sie-z-nami\/\"><input type=\"hidden\" name=\"render_id\" value=\"0\"><input type=\"hidden\" name=\"action\" value=\"forminator_submit_form_custom-forms\"><\/form><\/div>\n","protected":false},"excerpt":{"rendered":"<p>Chcesz si\u0119 z nami skontaktowa\u0107? Nie obawiaj si\u0119! Odpowiemy tak szybko, jak to tylko mo\u017cliwe.<\/p>\n","protected":false},"author":1,"featured_media":0,"parent":0,"menu_order":0,"comment_status":"closed","ping_status":"closed","template":"","meta":{"_acf_changed":false,"_et_pb_use_builder":"off","_et_pb_old_content":"","_et_gb_content_width":"","footnotes":""},"class_list":["post-1764","page","type-page","status-publish","hentry"],"acf":[],"_links":{"self":[{"href":"https:\/\/breaking-taboos.eu\/pl\/wp-json\/wp\/v2\/pages\/1764","targetHints":{"allow":["GET"]}}],"collection":[{"href":"https:\/\/breaking-taboos.eu\/pl\/wp-json\/wp\/v2\/pages"}],"about":[{"href":"https:\/\/breaking-taboos.eu\/pl\/wp-json\/wp\/v2\/types\/page"}],"author":[{"embeddable":true,"href":"https:\/\/breaking-taboos.eu\/pl\/wp-json\/wp\/v2\/users\/1"}],"replies":[{"embeddable":true,"href":"https:\/\/breaking-taboos.eu\/pl\/wp-json\/wp\/v2\/comments?post=1764"}],"version-history":[{"count":3,"href":"https:\/\/breaking-taboos.eu\/pl\/wp-json\/wp\/v2\/pages\/1764\/revisions"}],"predecessor-version":[{"id":1769,"href":"https:\/\/breaking-taboos.eu\/pl\/wp-json\/wp\/v2\/pages\/1764\/revisions\/1769"}],"wp:attachment":[{"href":"https:\/\/breaking-taboos.eu\/pl\/wp-json\/wp\/v2\/media?parent=1764"}],"curies":[{"name":"wp","href":"https:\/\/api.w.org\/{rel}","templated":true}]}}