{"id":2013,"date":"2023-12-15T13:53:23","date_gmt":"2023-12-15T12:53:23","guid":{"rendered":"https:\/\/breaking-taboos.eu\/partneriai\/"},"modified":"2024-12-06T12:37:51","modified_gmt":"2024-12-06T11:37:51","slug":"partneriai","status":"publish","type":"page","link":"https:\/\/breaking-taboos.eu\/lt\/partneriai\/","title":{"rendered":"Partneriai"},"content":{"rendered":"<p>[et_pb_section fb_built=&#8221;1&#8243; _builder_version=&#8221;4.23&#8243; _module_preset=&#8221;default&#8221; collapsed=&#8221;off&#8221; global_colors_info=&#8221;{}&#8221;][et_pb_row _builder_version=&#8221;4.23&#8243; _module_preset=&#8221;60f61655-c9d3-4082-8107-81d224e7c117&#8243; border_width_top=&#8221;0px&#8221; global_colors_info=&#8221;{}&#8221;][et_pb_column type=&#8221;4_4&#8243; _builder_version=&#8221;4.23&#8243; _module_preset=&#8221;default&#8221; global_colors_info=&#8221;{}&#8221;][et_pb_image src=&#8221;https:\/\/breaking-taboos.eu\/wp-content\/uploads\/2023\/12\/lesapprimeurs.png&#8221; alt=&#8221;Les Apprimeurs&#8221; title_text=&#8221;lesapprimeurs&#8221; _builder_version=&#8221;4.23&#8243; _module_preset=&#8221;default&#8221; max_width=&#8221;188px&#8221; global_colors_info=&#8221;{}&#8221;][\/et_pb_image][et_pb_text _builder_version=&#8221;4.23&#8243; _module_preset=&#8221;default&#8221; global_colors_info=&#8221;{}&#8221;]<\/p>\n<h2>Les Apprimeurs<\/h2>\n<p>Pranc\u016bzija<\/p>\n<p>\u201eLes Apprimeurs\u201c yra pranc\u016bz\u0173 \u012fmon\u0117, kuri specializuojasi kuriant specialiai pritaikytus skaitmeninius sprendimus \u0161vietimo, kult\u016bros ir mokymo sektoriams. Kompanija siekia gerinti \u017emoni\u0173 pagrindinius ir mink\u0161tuosius \u012fg\u016bd\u017eius bei galimybes \u012fgyti \u017eini\u0173 per mokym\u0173, seminar\u0173, interaktyvi\u0173 el. knyg\u0173 ir platform\u0173 k\u016brim\u0105.<\/p>\n<p>[\/et_pb_text][et_pb_button button_url=&#8221;https:\/\/lesapprimeurs.com\/&#8221; url_new_window=&#8221;on&#8221; button_text=&#8221;Apsilankyti tinkplapyje&#8221; _builder_version=&#8221;4.23&#8243; _module_preset=&#8221;b02491ff-7a74-4b7c-bb6b-3dede04a637c&#8221; global_colors_info=&#8221;{}&#8221;][\/et_pb_button][\/et_pb_column][\/et_pb_row][et_pb_row _builder_version=&#8221;4.23&#8243; _module_preset=&#8221;60f61655-c9d3-4082-8107-81d224e7c117&#8243; global_colors_info=&#8221;{}&#8221;][et_pb_column type=&#8221;4_4&#8243; _builder_version=&#8221;4.23&#8243; _module_preset=&#8221;default&#8221; global_colors_info=&#8221;{}&#8221;][et_pb_image src=&#8221;https:\/\/breaking-taboos.eu\/wp-content\/uploads\/2023\/12\/risa.png&#8221; alt=&#8221;Zavod RISA&#8221; title_text=&#8221;risa&#8221; _builder_version=&#8221;4.23&#8243; _module_preset=&#8221;default&#8221; max_width=&#8221;90px&#8221; global_colors_info=&#8221;{}&#8221;][\/et_pb_image][et_pb_text _builder_version=&#8221;4.24.0&#8243; _module_preset=&#8221;default&#8221; global_colors_info=&#8221;{}&#8221;]<\/p>\n<h2>Zavod Risa<\/h2>\n<p>Slov\u0117nija<\/p>\n<p>Risos institutas, bendrojo, funkcinio ir kult\u016brinio ra\u0161tingumo centras, yra nevyriausybin\u0117 organizacija, atstovaujanti visuomen\u0117s interesus kult\u016bros ir socialin\u0117s globos srityse. Nuo pat \u012fk\u016brimo 2011 m. iki 2018 m. institutas veik\u0117 tik kaip savanori\u0173 organizacija. Mes dirbame lengvo skaitymo, asmenin\u0117s pagalbos ir sav\u0119s gynimo srityse \u2013 asmenims, kuri\u0173 pad\u0117tis visuomen\u0117je yra nelygi ir pa\u017eeid\u017eiama, ypa\u010d susijusi su psichine sveikata. Taip pat \u012fgyvendiname daugyb\u0119 nacionalini\u0173 ir Europini\u0173 projekt\u0173, kuriuose kuriame sprendimus ir \u012frankius, kuriuos naudojame savo \u012fprastose programose ir sri\u010di\u0173, kuriose veikiame, pl\u0117trai.   <\/p>\n<p>[\/et_pb_text][et_pb_button button_url=&#8221;http:\/\/www.risa.si\/&#8221; url_new_window=&#8221;on&#8221; button_text=&#8221;Apsilankyti tinkplapyje&#8221; _builder_version=&#8221;4.23&#8243; _module_preset=&#8221;b02491ff-7a74-4b7c-bb6b-3dede04a637c&#8221; global_colors_info=&#8221;{}&#8221;][\/et_pb_button][\/et_pb_column][\/et_pb_row][et_pb_row _builder_version=&#8221;4.23&#8243; _module_preset=&#8221;60f61655-c9d3-4082-8107-81d224e7c117&#8243; global_colors_info=&#8221;{}&#8221;][et_pb_column type=&#8221;4_4&#8243; _builder_version=&#8221;4.23&#8243; _module_preset=&#8221;default&#8221; global_colors_info=&#8221;{}&#8221;][et_pb_image src=&#8221;https:\/\/breaking-taboos.eu\/wp-content\/uploads\/2023\/12\/juc.png&#8221; alt=&#8221;Druskininku jaunimo uzimtumo centras&#8221; title_text=&#8221;juc&#8221; _builder_version=&#8221;4.23&#8243; _module_preset=&#8221;default&#8221; max_width=&#8221;160px&#8221; global_colors_info=&#8221;{}&#8221;][\/et_pb_image][et_pb_text _builder_version=&#8221;4.23&#8243; _module_preset=&#8221;default&#8221; global_colors_info=&#8221;{}&#8221;]<\/p>\n<h2>Druskininku jaunimo uzimtumo centras<\/h2>\n<p>Lietuva<\/p>\n<p>Druskinink\u0173 jaunimo u\u017eimtumo centras \u2013 vie\u0161oji \u012fstaiga i\u0161 Lietuvos, veikianti atviro darbo su jaunimu principu, kur d\u0117mesys skiriamas14-29 met\u0173 jaunimui ir j\u0173 savirealizacijai. Centras organizuoja \u012fvairias veiklas, sprend\u017eia laisvalaikio i\u0161\u0161\u016bkius, pasitelkiant neformalaus ugdymo metodus. Akredituotas Erasmus+ ir Europos solidarumo korpuso program\u0173, s\u0117kmingai \u012fgyvendina projektus kaip priimanti, koordinuojanti ir siun\u010dianti organizacija. Centras skatina bendradarbiavim\u0105, puosel\u0117ja novatori\u0161kas id\u0117jas ir skatina vietin\u0117s bei tarptautin\u0117s savanoryst\u0117s galimybes.    <\/p>\n<p>[\/et_pb_text][et_pb_button button_url=&#8221;https:\/\/www.juc.lt\/&#8221; url_new_window=&#8221;on&#8221; button_text=&#8221;Apsilankyti tinkplapyje&#8221; _builder_version=&#8221;4.23&#8243; _module_preset=&#8221;b02491ff-7a74-4b7c-bb6b-3dede04a637c&#8221; global_colors_info=&#8221;{}&#8221;][\/et_pb_button][\/et_pb_column][\/et_pb_row][et_pb_row _builder_version=&#8221;4.23&#8243; _module_preset=&#8221;60f61655-c9d3-4082-8107-81d224e7c117&#8243; global_colors_info=&#8221;{}&#8221;][et_pb_column type=&#8221;4_4&#8243; _builder_version=&#8221;4.23&#8243; _module_preset=&#8221;default&#8221; global_colors_info=&#8221;{}&#8221;][et_pb_image src=&#8221;https:\/\/breaking-taboos.eu\/wp-content\/uploads\/2023\/12\/arteria.png&#8221; alt=&#8221;Fundacja ARTeria&#8221; title_text=&#8221;arteria&#8221; _builder_version=&#8221;4.23&#8243; _module_preset=&#8221;default&#8221; max_width=&#8221;70px&#8221; global_colors_info=&#8221;{}&#8221;][\/et_pb_image][et_pb_text _builder_version=&#8221;4.23&#8243; _module_preset=&#8221;default&#8221; global_colors_info=&#8221;{}&#8221;]<\/p>\n<h2>Fundacja ARTeria<\/h2>\n<p>Lenkija<\/p>\n<p>ARTeria fondas buvo \u012fkurtas 2006 m. Esame ne pelno siekianti organizacija. Vykdome \u012fvairius projektus ir programas, pirmiausia susijusias su meninink\u0173 ir k\u016brybini\u0173 industrij\u0173 atstov\u0173 r\u0117mimu, pla\u010diai suprantamo kult\u016bros ir k\u016brybinio sektoriaus bei vietini\u0173 bendruomeni\u0173 pl\u0117tra. Savo veikloje remiam\u0117s trimis id\u0117jomis: kult\u016bra be sien\u0173, novatori\u0161kas \u0161vietimas ir daugiamatis bendradarbiavimas. M\u016bs\u0173 tikslas \u2013 sukurti forum\u0105 skirtingiems po\u017ei\u016briams ir abipusi\u0173 vertybi\u0173 paie\u0161koms, taip pat ie\u0161koti sprendim\u0173 \u0161iuolaikinio pasaulio problemoms bei atvirumo ir kult\u016br\u0173 dialogo dvasios. \u201eARTeria\u201c yra dviej\u0173 tarptautini\u0173 tinkl\u0173 \u2013 \u201eCulture Action Europe\u201c ir \u201eENCATC\u201c \u2013 nar\u0117.    <\/p>\n<p>[\/et_pb_text][et_pb_button button_url=&#8221;https:\/\/fundacja-arteria.org\/&#8221; url_new_window=&#8221;on&#8221; button_text=&#8221;Apsilankyti tinkplapyje&#8221; _builder_version=&#8221;4.23&#8243; _module_preset=&#8221;b02491ff-7a74-4b7c-bb6b-3dede04a637c&#8221; global_colors_info=&#8221;{}&#8221;][\/et_pb_button][\/et_pb_column][\/et_pb_row][et_pb_row _builder_version=&#8221;4.23&#8243; _module_preset=&#8221;60f61655-c9d3-4082-8107-81d224e7c117&#8243; global_colors_info=&#8221;{}&#8221;][et_pb_column type=&#8221;4_4&#8243; _builder_version=&#8221;4.23&#8243; _module_preset=&#8221;default&#8221; global_colors_info=&#8221;{}&#8221;][et_pb_image src=&#8221;https:\/\/breaking-taboos.eu\/wp-content\/uploads\/2023\/12\/logopsycom.png&#8221; alt=&#8221;Logopsycom&#8221; title_text=&#8221;logopsycom&#8221; _builder_version=&#8221;4.23&#8243; _module_preset=&#8221;default&#8221; max_width=&#8221;140px&#8221; global_colors_info=&#8221;{}&#8221;][\/et_pb_image][et_pb_text _builder_version=&#8221;4.23&#8243; _module_preset=&#8221;default&#8221; global_colors_info=&#8221;{}&#8221;]<\/p>\n<h2>Logopsycom<\/h2>\n<p>Belgija<\/p>\n<p>Logopsycom yra \u0161vietimo ir inovacij\u0173 centras,kuriantis ir naudojantis alternatyvius metodus ar priemones (skaitmenines arba ne) mokykl\u0173, profesini\u0173 mokymo centr\u0173, \u0161vietimo organizacij\u0173, jaunuoli\u0173 ir t\u0117v\u0173 palyd\u0117jimui. Prad\u017eioje \u012fkurta kaip prie\u017ei\u016bros \u012fmon\u0117, besispecializuojanti jaunimo mokymosi sutrikim\u0173 srityje (ypa\u010d sergant dispraksija, disfazija, disleksija ir kt., dar vadinamais specifiniais mokymosi sutrikimais (SLD)), tod\u0117l iki \u0161iol u\u017etikrina turinio prieinamum\u0105 visiems. <\/p>\n<p>[\/et_pb_text][et_pb_button button_url=&#8221;https:\/\/logopsycom.com\/&#8221; url_new_window=&#8221;on&#8221; button_text=&#8221;Apsilankyti tinkplapyje&#8221; _builder_version=&#8221;4.23&#8243; _module_preset=&#8221;b02491ff-7a74-4b7c-bb6b-3dede04a637c&#8221; global_colors_info=&#8221;{}&#8221;][\/et_pb_button][\/et_pb_column][\/et_pb_row][\/et_pb_section]<\/p>\n","protected":false},"excerpt":{"rendered":"<p>Les Apprimeurs Pranc\u016bzija \u201eLes Apprimeurs\u201c yra pranc\u016bz\u0173 \u012fmon\u0117, kuri specializuojasi kuriant specialiai pritaikytus skaitmeninius sprendimus \u0161vietimo, kult\u016bros ir mokymo sektoriams. Kompanija siekia gerinti \u017emoni\u0173 pagrindinius ir mink\u0161tuosius \u012fg\u016bd\u017eius bei galimybes \u012fgyti \u017eini\u0173 per mokym\u0173, seminar\u0173, interaktyvi\u0173 el. knyg\u0173 ir platform\u0173 k\u016brim\u0105.Zavod Risa Slov\u0117nija Risos institutas, bendrojo, funkcinio ir kult\u016brinio ra\u0161tingumo centras, yra nevyriausybin\u0117 organizacija, atstovaujanti [&hellip;]<\/p>\n","protected":false},"author":1,"featured_media":0,"parent":0,"menu_order":0,"comment_status":"closed","ping_status":"closed","template":"","meta":{"_acf_changed":false,"_et_pb_use_builder":"on","_et_pb_old_content":"","_et_gb_content_width":"","footnotes":""},"class_list":["post-2013","page","type-page","status-publish","hentry"],"acf":[],"_links":{"self":[{"href":"https:\/\/breaking-taboos.eu\/lt\/wp-json\/wp\/v2\/pages\/2013","targetHints":{"allow":["GET"]}}],"collection":[{"href":"https:\/\/breaking-taboos.eu\/lt\/wp-json\/wp\/v2\/pages"}],"about":[{"href":"https:\/\/breaking-taboos.eu\/lt\/wp-json\/wp\/v2\/types\/page"}],"author":[{"embeddable":true,"href":"https:\/\/breaking-taboos.eu\/lt\/wp-json\/wp\/v2\/users\/1"}],"replies":[{"embeddable":true,"href":"https:\/\/breaking-taboos.eu\/lt\/wp-json\/wp\/v2\/comments?post=2013"}],"version-history":[{"count":16,"href":"https:\/\/breaking-taboos.eu\/lt\/wp-json\/wp\/v2\/pages\/2013\/revisions"}],"predecessor-version":[{"id":8056,"href":"https:\/\/breaking-taboos.eu\/lt\/wp-json\/wp\/v2\/pages\/2013\/revisions\/8056"}],"wp:attachment":[{"href":"https:\/\/breaking-taboos.eu\/lt\/wp-json\/wp\/v2\/media?parent=2013"}],"curies":[{"name":"wp","href":"https:\/\/api.w.org\/{rel}","templated":true}]}}