{"id":1799,"date":"2023-12-15T14:36:29","date_gmt":"2023-12-15T13:36:29","guid":{"rendered":"https:\/\/breaking-taboos.eu\/biblioteka\/"},"modified":"2025-01-16T11:14:32","modified_gmt":"2025-01-16T10:14:32","slug":"komiksai","status":"publish","type":"page","link":"https:\/\/breaking-taboos.eu\/lt\/komiksai\/","title":{"rendered":"Komiksai"},"content":{"rendered":"<p>[et_pb_section fb_built=&#8221;1&#8243; _builder_version=&#8221;4.23&#8243; _module_preset=&#8221;default&#8221; global_colors_info=&#8221;{}&#8221;][et_pb_row _builder_version=&#8221;4.23.4&#8243; _module_preset=&#8221;default&#8221; max_width=&#8221;1048px&#8221; custom_margin=&#8221;0px||||false|false&#8221; global_colors_info=&#8221;{}&#8221;][et_pb_column type=&#8221;4_4&#8243; _builder_version=&#8221;4.23&#8243; _module_preset=&#8221;default&#8221; global_colors_info=&#8221;{}&#8221;][et_pb_text disabled_on=&#8221;on|on|on&#8221; _builder_version=&#8221;4.24.3&#8243; _module_preset=&#8221;default&#8221; disabled=&#8221;on&#8221; global_colors_info=&#8221;{}&#8221;]<\/p>\n<h2>Interaktyv\u016bs komiksai<\/h2>\n<p>[\/et_pb_text][et_pb_code disabled_on=&#8221;off|off|off&#8221; _builder_version=&#8221;4.24.3&#8243; _module_preset=&#8221;default&#8221; global_colors_info=&#8221;{}&#8221;]<!-- Gridbuilder \u1d42\u1d3e Plugin (https:\/\/wpgridbuilder.com) -->\n<div class=\"wp-grid-builder wpgb-grid-3\" data-options=\"{&quot;id&quot;:3,&quot;type&quot;:&quot;masonry&quot;,&quot;source&quot;:&quot;post_type&quot;,&quot;loader&quot;:0,&quot;layout&quot;:&quot;vertical&quot;,&quot;reveal&quot;:0,&quot;isMainQuery&quot;:0,&quot;lazyLoad&quot;:0,&quot;cardSizes&quot;:{&quot;9999&quot;:{&quot;columns&quot;:3,&quot;height&quot;:240,&quot;gutter&quot;:16,&quot;ratio&quot;:&quot;1.33333&quot;},&quot;1200&quot;:{&quot;columns&quot;:3,&quot;height&quot;:240,&quot;gutter&quot;:16,&quot;ratio&quot;:&quot;1.33333&quot;},&quot;992&quot;:{&quot;columns&quot;:2,&quot;height&quot;:220,&quot;gutter&quot;:16,&quot;ratio&quot;:&quot;1.33333&quot;},&quot;768&quot;:{&quot;columns&quot;:2,&quot;height&quot;:220,&quot;gutter&quot;:16,&quot;ratio&quot;:&quot;1.33333&quot;},&quot;576&quot;:{&quot;columns&quot;:1,&quot;height&quot;:200,&quot;gutter&quot;:16,&quot;ratio&quot;:&quot;1.33333&quot;},&quot;320&quot;:{&quot;columns&quot;:1,&quot;height&quot;:200,&quot;gutter&quot;:16,&quot;ratio&quot;:&quot;1.33333&quot;}},&quot;fitRows&quot;:0,&quot;equalRows&quot;:0,&quot;equalColumns&quot;:1,&quot;fillLastRow&quot;:0,&quot;centerLastRow&quot;:0,&quot;horizontalOrder&quot;:0,&quot;fullWidth&quot;:0,&quot;transitionDelay&quot;:100,&quot;gallerySlideshow&quot;:0,&quot;rowsNumber&quot;:1,&quot;slideAlign&quot;:&quot;left&quot;,&quot;groupCells&quot;:1,&quot;draggable&quot;:1,&quot;initialIndex&quot;:0,&quot;contain&quot;:0,&quot;freeScroll&quot;:0,&quot;freeFriction&quot;:&quot;0.075&quot;,&quot;friction&quot;:&quot;0.285&quot;,&quot;attraction&quot;:&quot;0.025&quot;,&quot;autoPlay&quot;:0,&quot;pageDotAriaLabel&quot;:&quot;Page dot %d&quot;,&quot;isPreview&quot;:false,&quot;isGutenberg&quot;:false,&quot;rightToLeft&quot;:false}\"><div class=\"wpgb-svg-icons\" hidden>\n\t<svg viewBox=\"0 0 120 24\" width=\"0\" height=\"0\">\n\t<defs>\n        <polygon id=\"wpgb-star-svg\" points=\"12 2.5 15.1 8.8 22 9.8 17 14.6 18.2 21.5 12 18.3 5.8 21.5 7 14.6 2 9.8 8.9 8.8\"><\/polygon>\n    <\/defs>\n    <symbol id=\"wpgb-rating-stars-svg\">\n        <use xlink:href=\"#wpgb-star-svg\"><\/use>\n        <use xlink:href=\"#wpgb-star-svg\" x=\"24\"><\/use>\n        <use xlink:href=\"#wpgb-star-svg\" x=\"48\"><\/use>\n        <use xlink:href=\"#wpgb-star-svg\" x=\"72\"><\/use>\n        <use xlink:href=\"#wpgb-star-svg\" x=\"96\"><\/use>\n    <\/symbol>\n<\/svg>\n<\/div>\n<div class=\"wpgb-wrapper\">\n\t<div class=\"wpgb-main\">\n\t<div class=\"wpgb-layout\">\n\t<div class=\"wpgb-viewport\">\n\t\t<div class=\"wpgb-masonry\">\n\t\t\t<article class=\"wpgb-card wpgb-card-13 wpgb-post-8319\" data-col=\"1\" data-row=\"1\" data-format=\"standard\"><div class=\"wpgb-card-wrapper\"><div class=\"wpgb-card-inner\" data-action><div class=\"wpgb-card-content wpgb-scheme-dark\"><div class=\"wpgb-card-body\"><h3 class=\"wpgb-block-1\">Psichikos sveikatos supratimas\u00a0<\/h3><\/div><div class=\"wpgb-card-footer\"><time class=\"wpgb-block-3\" datetime=\"2024-11-07T15:07:27+01:00\">7 lapkri\u010dio 2024<\/time><div class=\"wpgb-block-4\"><p>Komiksas apie psichikos sveikat\u0105 paprasta kalba.<\/p><\/div><div class=\"wpgb-block-2 wpgb-idle-scheme-1\">Skaityti<\/div><\/div><\/div><a class=\"wpgb-card-layer-link\" href=\"https:\/\/breaking-taboos.eu\/lt\/library\/psichikos-sveikatos-supratimas\/\"><\/a><\/div><\/div><\/article><article class=\"wpgb-card wpgb-card-13 wpgb-post-8186\" data-col=\"1\" data-row=\"1\" data-format=\"standard\"><div class=\"wpgb-card-wrapper\"><div class=\"wpgb-card-inner\" data-action><div class=\"wpgb-card-content wpgb-scheme-dark\"><div class=\"wpgb-card-body\"><h3 class=\"wpgb-block-1\">Karo trauma ir jos \u012ftaka pab\u0117g\u0117liams<\/h3><\/div><div class=\"wpgb-card-footer\"><time class=\"wpgb-block-3\" datetime=\"2024-10-30T10:58:57+01:00\">30 spalio 2024<\/time><div class=\"wpgb-block-2 wpgb-idle-scheme-1\">Skaityti<\/div><\/div><\/div><a class=\"wpgb-card-layer-link\" href=\"https:\/\/breaking-taboos.eu\/lt\/library\/karo-trauma-ir-jos-itaka-pabegeliams\/\"><\/a><\/div><\/div><\/article><article class=\"wpgb-card wpgb-card-13 wpgb-post-7244\" data-col=\"1\" data-row=\"1\" data-format=\"standard\"><div class=\"wpgb-card-wrapper\"><div class=\"wpgb-card-inner\" data-action><div class=\"wpgb-card-content wpgb-scheme-dark\"><div class=\"wpgb-card-body\"><h3 class=\"wpgb-block-1\">Bipolinio sutrikimo atspalviai \u2013 Gajos kelion\u0117<\/h3><\/div><div class=\"wpgb-card-footer\"><time class=\"wpgb-block-3\" datetime=\"2024-10-25T09:47:07+02:00\">25 spalio 2024<\/time><div class=\"wpgb-block-2 wpgb-idle-scheme-1\">Skaityti<\/div><\/div><\/div><a class=\"wpgb-card-layer-link\" href=\"https:\/\/breaking-taboos.eu\/lt\/library\/bipolinio-sutrikimo-atspalviai-gajos-kelione\/\"><\/a><\/div><\/div><\/article><article class=\"wpgb-card wpgb-card-13 wpgb-post-7182\" data-col=\"1\" data-row=\"1\" data-format=\"standard\"><div class=\"wpgb-card-wrapper\"><div class=\"wpgb-card-inner\" data-action><div class=\"wpgb-card-content wpgb-scheme-dark\"><div class=\"wpgb-card-body\"><h3 class=\"wpgb-block-1\">KAIP \u0160IANDIEN JAUTIESI?<\/h3><\/div><div class=\"wpgb-card-footer\"><time class=\"wpgb-block-3\" datetime=\"2024-10-23T12:51:43+02:00\">23 spalio 2024<\/time><div class=\"wpgb-block-2 wpgb-idle-scheme-1\">Skaityti<\/div><\/div><\/div><a class=\"wpgb-card-layer-link\" href=\"https:\/\/breaking-taboos.eu\/lt\/library\/kaip-siandien-jautiesi\/\"><\/a><\/div><\/div><\/article><article class=\"wpgb-card wpgb-card-13 wpgb-post-8129\" data-col=\"1\" data-row=\"1\" data-format=\"standard\"><div class=\"wpgb-card-wrapper\"><div class=\"wpgb-card-inner\" data-action><div class=\"wpgb-card-content wpgb-scheme-dark\"><div class=\"wpgb-card-body\"><h3 class=\"wpgb-block-1\">\u017dmon\u0117s, turintys psichikos sutrikim\u0173, yra ne tokie protingi.<\/h3><\/div><div class=\"wpgb-card-footer\"><time class=\"wpgb-block-3\" datetime=\"2024-10-21T16:26:07+02:00\">21 spalio 2024<\/time><div class=\"wpgb-block-2 wpgb-idle-scheme-1\">Skaityti<\/div><\/div><\/div><a class=\"wpgb-card-layer-link\" href=\"https:\/\/breaking-taboos.eu\/lt\/library\/zmones-turintys-psichikos-sutrikimu-yra-ne-tokie-protingi\/\"><\/a><\/div><\/div><\/article><article class=\"wpgb-card wpgb-card-13 wpgb-post-8195\" data-col=\"1\" data-row=\"1\" data-format=\"standard\"><div class=\"wpgb-card-wrapper\"><div class=\"wpgb-card-inner\" data-action><div class=\"wpgb-card-content wpgb-scheme-dark\"><div class=\"wpgb-card-body\"><h3 class=\"wpgb-block-1\">Ar mums tikrai viskas gerai, net kai nieko blogo nenutinka?<\/h3><\/div><div class=\"wpgb-card-footer\"><time class=\"wpgb-block-3\" datetime=\"2024-05-24T14:21:33+02:00\">24 gegu\u017e\u0117s 2024<\/time><div class=\"wpgb-block-2 wpgb-idle-scheme-1\">Skaityti<\/div><\/div><\/div><a class=\"wpgb-card-layer-link\" href=\"https:\/\/breaking-taboos.eu\/lt\/library\/ar-mums-tikrai-viskas-gerai-net-kai-nieko-blogo-nenutinka\/\"><\/a><\/div><\/div><\/article><article class=\"wpgb-card wpgb-card-13 wpgb-post-8134\" data-col=\"1\" data-row=\"1\" data-format=\"standard\"><div class=\"wpgb-card-wrapper\"><div class=\"wpgb-card-inner\" data-action><div class=\"wpgb-card-content wpgb-scheme-dark\"><div class=\"wpgb-card-body\"><h3 class=\"wpgb-block-1\">\u017dmogus, kuris kalbasi pats su savimi, tai&#8230;<\/h3><\/div><div class=\"wpgb-card-footer\"><time class=\"wpgb-block-3\" datetime=\"2023-12-22T16:39:58+01:00\">22 gruod\u017eio 2023<\/time><div class=\"wpgb-block-2 wpgb-idle-scheme-1\">Skaityti<\/div><\/div><\/div><a class=\"wpgb-card-layer-link\" href=\"https:\/\/breaking-taboos.eu\/lt\/library\/zmogus-kuris-kalbasi-pats-su-savimi-tai\/\"><\/a><\/div><\/div><\/article>\t\t<\/div>\n\t<\/div>\n\t<\/div>\n\t<\/div>\n\t\t<\/div>\n<\/div>\n[\/et_pb_code][\/et_pb_column][\/et_pb_row][\/et_pb_section]<\/p>\n","protected":false},"excerpt":{"rendered":"<p>[et_pb_section fb_built=&#8221;1&#8243; _builder_version=&#8221;4.23&#8243; _module_preset=&#8221;default&#8221; global_colors_info=&#8221;{}&#8221;][et_pb_row _builder_version=&#8221;4.23.4&#8243; _module_preset=&#8221;default&#8221; max_width=&#8221;1048px&#8221; custom_margin=&#8221;0px||||false|false&#8221; global_colors_info=&#8221;{}&#8221;][et_pb_column type=&#8221;4_4&#8243; _builder_version=&#8221;4.23&#8243; _module_preset=&#8221;default&#8221; global_colors_info=&#8221;{}&#8221;][et_pb_text disabled_on=&#8221;on|on|on&#8221; _builder_version=&#8221;4.24.3&#8243; _module_preset=&#8221;default&#8221; disabled=&#8221;on&#8221; global_colors_info=&#8221;{}&#8221;] Interaktyv\u016bs komiksai [\/et_pb_text][et_pb_code disabled_on=&#8221;off|off|off&#8221; _builder_version=&#8221;4.24.3&#8243; _module_preset=&#8221;default&#8221; global_colors_info=&#8221;{}&#8221;][\/et_pb_code][\/et_pb_column][\/et_pb_row][\/et_pb_section]<\/p>\n","protected":false},"author":1,"featured_media":0,"parent":0,"menu_order":0,"comment_status":"closed","ping_status":"closed","template":"","meta":{"_acf_changed":false,"_et_pb_use_builder":"on","_et_pb_old_content":"","_et_gb_content_width":"","footnotes":""},"class_list":["post-1799","page","type-page","status-publish","hentry"],"acf":[],"_links":{"self":[{"href":"https:\/\/breaking-taboos.eu\/lt\/wp-json\/wp\/v2\/pages\/1799","targetHints":{"allow":["GET"]}}],"collection":[{"href":"https:\/\/breaking-taboos.eu\/lt\/wp-json\/wp\/v2\/pages"}],"about":[{"href":"https:\/\/breaking-taboos.eu\/lt\/wp-json\/wp\/v2\/types\/page"}],"author":[{"embeddable":true,"href":"https:\/\/breaking-taboos.eu\/lt\/wp-json\/wp\/v2\/users\/1"}],"replies":[{"embeddable":true,"href":"https:\/\/breaking-taboos.eu\/lt\/wp-json\/wp\/v2\/comments?post=1799"}],"version-history":[{"count":11,"href":"https:\/\/breaking-taboos.eu\/lt\/wp-json\/wp\/v2\/pages\/1799\/revisions"}],"predecessor-version":[{"id":8427,"href":"https:\/\/breaking-taboos.eu\/lt\/wp-json\/wp\/v2\/pages\/1799\/revisions\/8427"}],"wp:attachment":[{"href":"https:\/\/breaking-taboos.eu\/lt\/wp-json\/wp\/v2\/media?parent=1799"}],"curies":[{"name":"wp","href":"https:\/\/api.w.org\/{rel}","templated":true}]}}