{"id":1772,"date":"2023-12-15T14:36:52","date_gmt":"2023-12-15T13:36:52","guid":{"rendered":"https:\/\/breaking-taboos.eu\/projektas\/"},"modified":"2025-01-16T09:41:48","modified_gmt":"2025-01-16T08:41:48","slug":"projektas","status":"publish","type":"page","link":"https:\/\/breaking-taboos.eu\/lt\/projektas\/","title":{"rendered":"Projektas"},"content":{"rendered":"\n<h2 class=\"wp-block-heading\">Turinys<\/h2>\n\n<p>\u0160iais laikais psichin\u0117 sveikata yra tapusi globali, daugelio \u017emoni\u0173 prioritetin\u0117 tema. Ne tik d\u0117l, to, kad dauguma (ypa\u010d paaugliai) su ja kovoja (Unicef \u200b\u200bduomenimis, savi\u017eudyb\u0117 yra antra pagrindin\u0117 Europos paaugli\u0173 mirties prie\u017eastis 2022 m.), bet ir d\u0117l to, kad ji vis dar stigmatizuojama, tod\u0117l ken\u010diantys \u017emon\u0117s tampa dar labiau izoliuoti ir nei\u0161girsti.<\/p>\n\n<p>Breaking Taboos About Mental Health yra Europos S\u0105jungos finansuotas projektas, kuris siekia:<\/p>\n\n<ul class=\"wp-block-list\">\n<li>kovoti su psichin\u0117s sveikatos ir psichin\u0117s sveikatos sutrikim\u0173 stigmatizavimu<\/li>\n\n\n\n<li>skatinti \u017emoni\u0173, ypa\u010d jaunimo, s\u0105moningum\u0105<\/li>\n\n\n\n<li>edukuoti ir parengti profesionalus, dirban\u010dius su 15-19 m. am\u017eiaus jaunuoliais<\/li>\n<\/ul>\n\n<h2 class=\"wp-block-heading\">Partneri\u0173 \u012fsipareigojimai<\/h2>\n\n<p>Siekdami \u0161io tikslo, partneriai dirba kurdami naudingus leidinius:<\/p>\n\n<ul class=\"wp-block-list\">\n<li><strong>Prevencinis rinkinys<\/strong> \u2013 j\u012f sudaro leidinys jaunimo darbuotojams, infografika, plakatai ir knygel\u0117, kuri parengta ai\u0161kia ir jaunimui suprantama kalba.<\/li>\n\n\n\n<li><strong>5 interaktyv\u016bs komiksai<\/strong> \u2013 parengti psichin\u0117s sveikatos sutrikim\u0173 tema, skirti kaip dar viena alternatyvi pagalbos priemon\u0117 paaugliams, skatinanti s\u0105moningum\u0105.<\/li>\n\n\n\n<li><strong>30 Pedagogini\u0173 ir veiklos lap\u0173 profesionalams<\/strong> &#8211; jais siekiama integruoti teorines \u017einias \u012f kasdien\u0119 praktik\u0105.<\/li>\n\n\n\n<li><strong>\u012esivertinimo viktorina<\/strong> \u2013 skirta jaunimo darbuotojams patikrinti savo \u017einioms apie psichin\u0117s sveikatos problemas<\/li>\n\n\n\n<li><strong>25-i\u0173 ger\u0173j\u0173 praktik\u0173 pavyzd\u017eiai<\/strong> \u2013 semtis \u012fkv\u0117pimo i\u0161 naujovi\u0161k\u0173 organizacij\u0173 ir Europoje vykdom\u0173 psichin\u0117s sveikatos prevencijos program\u0173<\/li>\n<\/ul>\n\n<p>Tvirtai tikime, kad psichin\u0117s sveikatos tema tur\u0117t\u0173 b\u016bti svarbiausia kiekvieno \u017emogaus gyvenime. Siekiame prisid\u0117ti griaunat egzistuojan\u010di\u0105 stigm\u0105, kurdami palanki\u0105 erdv\u0119 dalintis patirtimis ir dalyvauti, siekdami kartu kurti laimingesn\u0119 ir, svarbiausia, sveikesn\u0119 ateit\u012f.<\/p>\n\n<h2 class=\"wp-block-heading\">Parama ir finansavimas<\/h2>\n\n<p>Breaking Taboos about Mental Health yra Erasmus+ programos l\u0117\u0161omis finansuojamas projektas.<\/p>\n","protected":false},"excerpt":{"rendered":"<p>Turinys \u0160iais laikais psichin\u0117 sveikata yra tapusi globali, daugelio \u017emoni\u0173 prioritetin\u0117 tema. Ne tik d\u0117l, to, kad dauguma (ypa\u010d paaugliai) su ja kovoja (Unicef \u200b\u200bduomenimis, savi\u017eudyb\u0117 yra antra pagrindin\u0117 Europos paaugli\u0173 mirties prie\u017eastis 2022 m.), bet ir d\u0117l to, kad ji vis dar stigmatizuojama, tod\u0117l ken\u010diantys \u017emon\u0117s tampa dar labiau izoliuoti ir nei\u0161girsti. Breaking Taboos [&hellip;]<\/p>\n","protected":false},"author":1,"featured_media":0,"parent":0,"menu_order":0,"comment_status":"closed","ping_status":"closed","template":"","meta":{"_acf_changed":false,"_et_pb_use_builder":"off","_et_pb_old_content":"","_et_gb_content_width":"","footnotes":""},"class_list":["post-1772","page","type-page","status-publish","hentry"],"acf":[],"_links":{"self":[{"href":"https:\/\/breaking-taboos.eu\/lt\/wp-json\/wp\/v2\/pages\/1772","targetHints":{"allow":["GET"]}}],"collection":[{"href":"https:\/\/breaking-taboos.eu\/lt\/wp-json\/wp\/v2\/pages"}],"about":[{"href":"https:\/\/breaking-taboos.eu\/lt\/wp-json\/wp\/v2\/types\/page"}],"author":[{"embeddable":true,"href":"https:\/\/breaking-taboos.eu\/lt\/wp-json\/wp\/v2\/users\/1"}],"replies":[{"embeddable":true,"href":"https:\/\/breaking-taboos.eu\/lt\/wp-json\/wp\/v2\/comments?post=1772"}],"version-history":[{"count":3,"href":"https:\/\/breaking-taboos.eu\/lt\/wp-json\/wp\/v2\/pages\/1772\/revisions"}],"predecessor-version":[{"id":8421,"href":"https:\/\/breaking-taboos.eu\/lt\/wp-json\/wp\/v2\/pages\/1772\/revisions\/8421"}],"wp:attachment":[{"href":"https:\/\/breaking-taboos.eu\/lt\/wp-json\/wp\/v2\/media?parent=1772"}],"curies":[{"name":"wp","href":"https:\/\/api.w.org\/{rel}","templated":true}]}}