{"id":1762,"date":"2024-01-16T10:47:16","date_gmt":"2024-01-16T09:47:16","guid":{"rendered":"https:\/\/breaking-taboos.eu\/susisiekite-su-mumis\/"},"modified":"2025-01-16T10:30:35","modified_gmt":"2025-01-16T09:30:35","slug":"susisiekite-su-mumis","status":"publish","type":"page","link":"https:\/\/breaking-taboos.eu\/lt\/susisiekite-su-mumis\/","title":{"rendered":"Susisiekite su mumis"},"content":{"rendered":"\n<p>Norite su mumis susisiekti? Nedvejokite! Atsakysime jums kuo grei\u010diau.<\/p>\n\n<div class=\"forminator-guttenberg\"><div class=\"forminator-ui forminator-custom-form forminator-custom-form-8447 forminator-design--default  forminator_ajax\" data-forminator-render=\"0\" data-form=\"forminator-module-8447\" data-uid=\"69eb29afec09c\"><br\/><\/div><form\n\t\t\t\tid=\"forminator-module-8447\"\n\t\t\t\tclass=\"forminator-ui forminator-custom-form forminator-custom-form-8447 forminator-design--default  forminator_ajax\"\n\t\t\t\tmethod=\"post\"\n\t\t\t\tdata-forminator-render=\"0\"\n\t\t\t\tdata-form-id=\"8447\"\n\t\t\t\t data-color-option=\"default\" data-design=\"default\" data-grid=\"open\" style=\"display: none;\"\n\t\t\t\tdata-uid=\"69eb29afec09c\"\n\t\t\t><div role=\"alert\" aria-live=\"polite\" class=\"forminator-response-message forminator-error\" aria-hidden=\"true\"><\/div><div class=\"forminator-row\"><div id=\"text-1\" class=\"forminator-field-text forminator-col forminator-col-12 \"><div class=\"forminator-field\"><label for=\"forminator-field-text-1_69eb29afec09c\" id=\"forminator-field-text-1_69eb29afec09c-label\" class=\"forminator-label\">Vardas<\/label><input type=\"text\" name=\"text-1\" value=\"\" placeholder=\"E.g. text placeholder\" id=\"forminator-field-text-1_69eb29afec09c\" class=\"forminator-input forminator-name--field\" data-required=\"\" \/><\/div><\/div><\/div><div class=\"forminator-row\"><div id=\"email-1\" class=\"forminator-field-email forminator-col forminator-col-12 \"><div class=\"forminator-field\"><label for=\"forminator-field-email-1_69eb29afec09c\" id=\"forminator-field-email-1_69eb29afec09c-label\" class=\"forminator-label\">El. pa\u0161to adresas <span class=\"forminator-required\">*<\/span><\/label><input type=\"email\" name=\"email-1\" value=\"\" placeholder=\"E.g. john@doe.com\" id=\"forminator-field-email-1_69eb29afec09c\" class=\"forminator-input forminator-email--field\" data-required=\"true\" aria-required=\"true\" autocomplete=\"email\" \/><\/div><\/div><\/div><div class=\"forminator-row\"><div id=\"textarea-1\" class=\"forminator-field-textarea forminator-col forminator-col-12 \"><div class=\"forminator-field\"><label for=\"forminator-field-textarea-1_69eb29afec09c\" id=\"forminator-field-textarea-1_69eb29afec09c-label\" class=\"forminator-label\">\u017dinut\u0117<\/label><textarea name=\"textarea-1\" placeholder=\"\u012eveskite savo \u017einut\u0119 \u010dia...\" id=\"forminator-field-textarea-1_69eb29afec09c\" class=\"forminator-textarea\" rows=\"6\" style=\"min-height:140px;\" maxlength=\"180\" ><\/textarea><span id=\"forminator-field-textarea-1_69eb29afec09c-description\" class=\"forminator-description\"><span data-limit=\"180\" data-type=\"characters\" data-editor=\"\">0 \/ 180<\/span><\/span><\/div><\/div><\/div><div class=\"forminator-row\"><div id=\"consent-1\" class=\"forminator-field-consent forminator-col forminator-col-12 \"><div class=\"forminator-field\"><label for=\"forminator-field-consent-1_69eb29afec09c\" id=\"forminator-field-consent-1_69eb29afec09c-label\" class=\"forminator-label\">Patvirtinimas <span class=\"forminator-required\">*<\/span><\/label><div class=\"forminator-checkbox__wrapper\"><label id=\"forminator-field-consent-1_69eb29afec09c__label\" class=\"forminator-checkbox forminator-consent\" aria-labelledby=\"forminator-field-consent-1_69eb29afec09c-label\"><input type=\"checkbox\" name=\"consent-1\" id=\"forminator-field-consent-1_69eb29afec09c\" value=\"checked\" aria-labelledby=\"forminator-field-consent-1_69eb29afec09c-label\" aria-describedby=\"forminator-field-consent-1_69eb29afec09c__description\" data-required=\"true\" aria-required=\"true\" \/><span class=\"forminator-checkbox-box\" aria-hidden=\"true\"><\/span><\/label><div id=\"forminator-field-consent-1_69eb29afec09c__description\" class=\"forminator-checkbox__label forminator-consent__label\"><p><span role=\"presentation\" dir=\"ltr\">Sutinku, kad \u0161i informacija b\u016bt\u0173 naudojama projekto \"Breaking Taboos <\/span><br role=\"presentation\"><span role=\"presentation\" dir=\"ltr\">about Mental Health\" siekiant susisiekti su manimi.<\/span><\/p><\/div><\/div><\/div><\/div><\/div><input type=\"hidden\" name=\"referer_url\" value=\"\" \/><div class=\"forminator-row forminator-row-last\"><div class=\"forminator-col\"><div class=\"forminator-field\"><button class=\"forminator-button forminator-button-submit\">Si\u0173sti \u017einut\u0119<\/button><\/div><\/div><\/div><input type=\"hidden\" id=\"forminator_nonce\" name=\"forminator_nonce\" value=\"cad7615a73\" \/><input type=\"hidden\" name=\"_wp_http_referer\" value=\"\/lt\/wp-json\/wp\/v2\/pages\/1762\" \/><input type=\"hidden\" name=\"form_id\" value=\"8447\"><input type=\"hidden\" name=\"page_id\" value=\"1762\"><input type=\"hidden\" name=\"form_type\" value=\"default\"><input type=\"hidden\" name=\"current_url\" value=\"https:\/\/breaking-taboos.eu\/lt\/susisiekite-su-mumis\/\"><input type=\"hidden\" name=\"render_id\" value=\"0\"><input type=\"hidden\" name=\"action\" value=\"forminator_submit_form_custom-forms\"><\/form><\/div>\n","protected":false},"excerpt":{"rendered":"<p>Norite su mumis susisiekti? Nedvejokite! Atsakysime jums kuo grei\u010diau.<\/p>\n","protected":false},"author":1,"featured_media":0,"parent":0,"menu_order":0,"comment_status":"closed","ping_status":"closed","template":"","meta":{"_acf_changed":false,"_et_pb_use_builder":"off","_et_pb_old_content":"","_et_gb_content_width":"","footnotes":""},"class_list":["post-1762","page","type-page","status-publish","hentry"],"acf":[],"_links":{"self":[{"href":"https:\/\/breaking-taboos.eu\/lt\/wp-json\/wp\/v2\/pages\/1762","targetHints":{"allow":["GET"]}}],"collection":[{"href":"https:\/\/breaking-taboos.eu\/lt\/wp-json\/wp\/v2\/pages"}],"about":[{"href":"https:\/\/breaking-taboos.eu\/lt\/wp-json\/wp\/v2\/types\/page"}],"author":[{"embeddable":true,"href":"https:\/\/breaking-taboos.eu\/lt\/wp-json\/wp\/v2\/users\/1"}],"replies":[{"embeddable":true,"href":"https:\/\/breaking-taboos.eu\/lt\/wp-json\/wp\/v2\/comments?post=1762"}],"version-history":[{"count":2,"href":"https:\/\/breaking-taboos.eu\/lt\/wp-json\/wp\/v2\/pages\/1762\/revisions"}],"predecessor-version":[{"id":8448,"href":"https:\/\/breaking-taboos.eu\/lt\/wp-json\/wp\/v2\/pages\/1762\/revisions\/8448"}],"wp:attachment":[{"href":"https:\/\/breaking-taboos.eu\/lt\/wp-json\/wp\/v2\/media?parent=1762"}],"curies":[{"name":"wp","href":"https:\/\/api.w.org\/{rel}","templated":true}]}}