{"id":2010,"date":"2023-12-15T13:53:23","date_gmt":"2023-12-15T12:53:23","guid":{"rendered":"https:\/\/breaking-taboos.eu\/le-partenariat\/"},"modified":"2024-12-06T12:36:34","modified_gmt":"2024-12-06T11:36:34","slug":"le-partenariat","status":"publish","type":"page","link":"https:\/\/breaking-taboos.eu\/fr\/le-partenariat\/","title":{"rendered":"Le partenariat"},"content":{"rendered":"<p>[et_pb_section fb_built=\u00a0\u00bb1&Prime; _builder_version=\u00a0\u00bb4.23&Prime; _module_preset=\u00a0\u00bbdefault\u00a0\u00bb collapsed=\u00a0\u00bboff\u00a0\u00bb global_colors_info=\u00a0\u00bb{}\u00a0\u00bb][et_pb_row _builder_version=\u00a0\u00bb4.23&Prime; _module_preset=\u00a0\u00bb60f61655-c9d3-4082-8107-81d224e7c117&Prime; border_width_top=\u00a0\u00bb0px\u00a0\u00bb global_colors_info=\u00a0\u00bb{}\u00a0\u00bb][et_pb_column type=\u00a0\u00bb4_4&Prime; _builder_version=\u00a0\u00bb4.23&Prime; _module_preset=\u00a0\u00bbdefault\u00a0\u00bb global_colors_info=\u00a0\u00bb{}\u00a0\u00bb][et_pb_image src=\u00a0\u00bbhttps:\/\/breaking-taboos.eu\/wp-content\/uploads\/2023\/12\/lesapprimeurs.png\u00a0\u00bb alt=\u00a0\u00bbLes Apprimeurs\u00a0\u00bb title_text=\u00a0\u00bblesapprimeurs\u00a0\u00bb _builder_version=\u00a0\u00bb4.23&Prime; _module_preset=\u00a0\u00bbdefault\u00a0\u00bb max_width=\u00a0\u00bb188px\u00a0\u00bb global_colors_info=\u00a0\u00bb{}\u00a0\u00bb][\/et_pb_image][et_pb_text _builder_version=\u00a0\u00bb4.23&Prime; _module_preset=\u00a0\u00bbdefault\u00a0\u00bb global_colors_info=\u00a0\u00bb{}\u00a0\u00bb]<\/p>\n<h2>Les Apprimeurs<\/h2>\n<p>France<\/p>\n<p>Les Apprimeurs est une entreprise fran\u00e7aise sp\u00e9cialis\u00e9e dans la cr\u00e9ation de solutions num\u00e9riques sur mesure pour les secteurs de l\u2019\u00e9ducation, de la culture et de la formation. Nous travaillons \u00e0 la promotion des comp\u00e9tences de base, des comp\u00e9tences non techniques et de l\u2019acc\u00e8s au savoir pour tous par le biais de formations, d\u2019ateliers, d\u2019ebooks interactifs et du d\u00e9veloppement de plateformes.<\/p>\n<p>[\/et_pb_text][et_pb_button button_url=\u00a0\u00bbhttps:\/\/lesapprimeurs.com\/\u00a0\u00bb url_new_window=\u00a0\u00bbon\u00a0\u00bb button_text=\u00a0\u00bbVoir le site internet\u00a0\u00bb _builder_version=\u00a0\u00bb4.23&Prime; _module_preset=\u00a0\u00bbb02491ff-7a74-4b7c-bb6b-3dede04a637c\u00a0\u00bb global_colors_info=\u00a0\u00bb{}\u00a0\u00bb][\/et_pb_button][\/et_pb_column][\/et_pb_row][et_pb_row _builder_version=\u00a0\u00bb4.23&Prime; _module_preset=\u00a0\u00bb60f61655-c9d3-4082-8107-81d224e7c117&Prime; global_colors_info=\u00a0\u00bb{}\u00a0\u00bb][et_pb_column type=\u00a0\u00bb4_4&Prime; _builder_version=\u00a0\u00bb4.23&Prime; _module_preset=\u00a0\u00bbdefault\u00a0\u00bb global_colors_info=\u00a0\u00bb{}\u00a0\u00bb][et_pb_image src=\u00a0\u00bbhttps:\/\/breaking-taboos.eu\/wp-content\/uploads\/2023\/12\/risa.png\u00a0\u00bb alt=\u00a0\u00bbZavod RISA\u00a0\u00bb title_text=\u00a0\u00bbrisa\u00a0\u00bb _builder_version=\u00a0\u00bb4.23&Prime; _module_preset=\u00a0\u00bbdefault\u00a0\u00bb max_width=\u00a0\u00bb90px\u00a0\u00bb global_colors_info=\u00a0\u00bb{}\u00a0\u00bb][\/et_pb_image][et_pb_text _builder_version=\u00a0\u00bb4.24.0&Prime; _module_preset=\u00a0\u00bbdefault\u00a0\u00bb global_colors_info=\u00a0\u00bb{}\u00a0\u00bb]<\/p>\n<h2>Zavod Risa<\/h2>\n<p>Slov\u00e9nie<\/p>\n<p>L&rsquo;institut Risa, centre pour la Culture g\u00e9n\u00e9rale, fonctionnelle et litt\u00e9raire, est une Organisation Non-Gouvernementale d&rsquo;int\u00e9r\u00eat public dans les domaines de la culture et de la protection sociale. Depuis sa fondation en 2011 jusqu&rsquo;en 2018, l&rsquo;institut a fonctionn\u00e9 exclusivement en tant qu&rsquo;organisation b\u00e9n\u00e9vole. Nous op\u00e9rons dans les champs de facilitation \u00e0 la lecture, de l&rsquo;assistance personnelle, de la plaidoirie et de l&rsquo;auto-plaidoirie pour les individus dans la soci\u00e9t\u00e9 confront\u00e9s \u00e0 des vuln\u00e9rabilit\u00e9s, particuli\u00e8rement en lien avec la sant\u00e9 mentale. Nous mettons \u00e9galement en \u0153uvre de nombreux projets nationaux et Europ\u00e9ens, o\u00f9 nous d\u00e9veloppons des solutions et des outils que nous utilisons dans nos programmes r\u00e9guliers et pour le d\u00e9veloppement des zones dans lesquels nous op\u00e9rons.   <\/p>\n<p>[\/et_pb_text][et_pb_button button_url=\u00a0\u00bbhttp:\/\/www.risa.si\/\u00a0\u00bb url_new_window=\u00a0\u00bbon\u00a0\u00bb button_text=\u00a0\u00bbVoir le site internet\u00a0\u00bb _builder_version=\u00a0\u00bb4.23&Prime; _module_preset=\u00a0\u00bbb02491ff-7a74-4b7c-bb6b-3dede04a637c\u00a0\u00bb global_colors_info=\u00a0\u00bb{}\u00a0\u00bb][\/et_pb_button][\/et_pb_column][\/et_pb_row][et_pb_row _builder_version=\u00a0\u00bb4.23&Prime; _module_preset=\u00a0\u00bb60f61655-c9d3-4082-8107-81d224e7c117&Prime; global_colors_info=\u00a0\u00bb{}\u00a0\u00bb][et_pb_column type=\u00a0\u00bb4_4&Prime; _builder_version=\u00a0\u00bb4.23&Prime; _module_preset=\u00a0\u00bbdefault\u00a0\u00bb global_colors_info=\u00a0\u00bb{}\u00a0\u00bb][et_pb_image src=\u00a0\u00bbhttps:\/\/breaking-taboos.eu\/wp-content\/uploads\/2023\/12\/juc.png\u00a0\u00bb alt=\u00a0\u00bbDruskininku jaunimo uzimtumo centras\u00a0\u00bb title_text=\u00a0\u00bbjuc\u00a0\u00bb _builder_version=\u00a0\u00bb4.23&Prime; _module_preset=\u00a0\u00bbdefault\u00a0\u00bb max_width=\u00a0\u00bb160px\u00a0\u00bb global_colors_info=\u00a0\u00bb{}\u00a0\u00bb][\/et_pb_image][et_pb_text _builder_version=\u00a0\u00bb4.23&Prime; _module_preset=\u00a0\u00bbdefault\u00a0\u00bb global_colors_info=\u00a0\u00bb{}\u00a0\u00bb]<\/p>\n<h2>Druskininku jaunimo uzimtumo centras<\/h2>\n<p>Lituanie<\/p>\n<p>La maison des jeunes de Druskininkai est une institution publique lituanienne engag\u00e9e dans le travail ouvert pour la jeunesse. Elle se concentre sur l&rsquo;\u00e9panouissement des jeunes \u00e2g\u00e9s de 14 \u00e0 29 ans. Sp\u00e9cialis\u00e9e dans diverses activit\u00e9s, elle s&rsquo;attaque \u00e0 la question des loisirs par le biais de l&rsquo;\u00e9ducation non formelle. Accr\u00e9dit\u00e9 par Erasmus+ et le Corps europ\u00e9en de solidarit\u00e9, le centre excelle dans la mise en \u0153uvre de projets en tant qu&rsquo;organisation d&rsquo;accueil et d&rsquo;envoi et que coordinateur. Le centre encourage les collaborations, favorise les id\u00e9es novatrices et promeut les possibilit\u00e9s de volontariat local et international.    <\/p>\n<p>[\/et_pb_text][et_pb_button button_url=\u00a0\u00bbhttps:\/\/www.juc.lt\/\u00a0\u00bb url_new_window=\u00a0\u00bbon\u00a0\u00bb button_text=\u00a0\u00bbVoir le site internet\u00a0\u00bb _builder_version=\u00a0\u00bb4.23&Prime; _module_preset=\u00a0\u00bbb02491ff-7a74-4b7c-bb6b-3dede04a637c\u00a0\u00bb global_colors_info=\u00a0\u00bb{}\u00a0\u00bb][\/et_pb_button][\/et_pb_column][\/et_pb_row][et_pb_row _builder_version=\u00a0\u00bb4.23&Prime; _module_preset=\u00a0\u00bb60f61655-c9d3-4082-8107-81d224e7c117&Prime; global_colors_info=\u00a0\u00bb{}\u00a0\u00bb][et_pb_column type=\u00a0\u00bb4_4&Prime; _builder_version=\u00a0\u00bb4.23&Prime; _module_preset=\u00a0\u00bbdefault\u00a0\u00bb global_colors_info=\u00a0\u00bb{}\u00a0\u00bb][et_pb_image src=\u00a0\u00bbhttps:\/\/breaking-taboos.eu\/wp-content\/uploads\/2023\/12\/arteria.png\u00a0\u00bb alt=\u00a0\u00bbFundacja ARTeria\u00a0\u00bb title_text=\u00a0\u00bbarteria\u00a0\u00bb _builder_version=\u00a0\u00bb4.23&Prime; _module_preset=\u00a0\u00bbdefault\u00a0\u00bb max_width=\u00a0\u00bb70px\u00a0\u00bb global_colors_info=\u00a0\u00bb{}\u00a0\u00bb][\/et_pb_image][et_pb_text _builder_version=\u00a0\u00bb4.23&Prime; _module_preset=\u00a0\u00bbdefault\u00a0\u00bb global_colors_info=\u00a0\u00bb{}\u00a0\u00bb]<\/p>\n<h2>Fundacja ARTeria<\/h2>\n<p>Pologne<\/p>\n<p>a Fondation ARTeria a \u00e9t\u00e9 cr\u00e9\u00e9e en 2006. Il s&rsquo;agit d&rsquo;une organisation \u00e0 but non lucratif. Nous mettons en \u0153uvre une vari\u00e9t\u00e9 de projets et de programmes, principalement li\u00e9s au soutien des artistes et des repr\u00e9sentants des industries cr\u00e9atives, au d\u00e9veloppement du secteur culturel et cr\u00e9atif au sens large, ainsi qu&rsquo;aux communaut\u00e9s locales. Dans nos activit\u00e9s, nous nous basons sur trois id\u00e9es : la culture sans fronti\u00e8res, l&rsquo;\u00e9ducation innovante et la coop\u00e9ration multidimensionnelle. Notre objectif est de cr\u00e9er un forum pour la confrontation des points de vue et la recherche de valeurs mutuelles, ainsi que de chercher des solutions aux probl\u00e8mes du monde moderne dans un esprit d&rsquo;ouverture et de dialogue interculturel. ARTeria est membre de deux r\u00e9seaux internationaux : Culture Action Europe et ENCATC.    <\/p>\n<p>[\/et_pb_text][et_pb_button button_url=\u00a0\u00bbhttps:\/\/fundacja-arteria.org\/\u00a0\u00bb url_new_window=\u00a0\u00bbon\u00a0\u00bb button_text=\u00a0\u00bbVoir le site internet\u00a0\u00bb _builder_version=\u00a0\u00bb4.23&Prime; _module_preset=\u00a0\u00bbb02491ff-7a74-4b7c-bb6b-3dede04a637c\u00a0\u00bb global_colors_info=\u00a0\u00bb{}\u00a0\u00bb][\/et_pb_button][\/et_pb_column][\/et_pb_row][et_pb_row _builder_version=\u00a0\u00bb4.23&Prime; _module_preset=\u00a0\u00bb60f61655-c9d3-4082-8107-81d224e7c117&Prime; global_colors_info=\u00a0\u00bb{}\u00a0\u00bb][et_pb_column type=\u00a0\u00bb4_4&Prime; _builder_version=\u00a0\u00bb4.23&Prime; _module_preset=\u00a0\u00bbdefault\u00a0\u00bb global_colors_info=\u00a0\u00bb{}\u00a0\u00bb][et_pb_image src=\u00a0\u00bbhttps:\/\/breaking-taboos.eu\/wp-content\/uploads\/2023\/12\/logopsycom.png\u00a0\u00bb alt=\u00a0\u00bbLogopsycom\u00a0\u00bb title_text=\u00a0\u00bblogopsycom\u00a0\u00bb _builder_version=\u00a0\u00bb4.23&Prime; _module_preset=\u00a0\u00bbdefault\u00a0\u00bb max_width=\u00a0\u00bb140px\u00a0\u00bb global_colors_info=\u00a0\u00bb{}\u00a0\u00bb][\/et_pb_image][et_pb_text _builder_version=\u00a0\u00bb4.23&Prime; _module_preset=\u00a0\u00bbdefault\u00a0\u00bb global_colors_info=\u00a0\u00bb{}\u00a0\u00bb]<\/p>\n<h2>Logopsycom<\/h2>\n<p>Belgique<\/p>\n<p>Logopsycom est un centre d\u2019innovation p\u00e9dagogique qui cr\u00e9e et utilise des m\u00e9thodes ou des outils alternatifs (num\u00e9riques ou non) pour accompagner les \u00e9coles, les centres de formation professionnelle, les organisations \u00e9ducatives, les jeunes et les parents. Elle a \u00e9t\u00e9 initialement cr\u00e9\u00e9e comme une entreprise de soins, sp\u00e9cialis\u00e9e dans les troubles de l\u2019apprentissage, chez les jeunes, en particulier dans les \u00ab Dys \u00bb (Dyspraxie, Dysphasie, Dyslexie, etc.), \u00e9galement appel\u00e9s troubles sp\u00e9cifiques de l\u2019apprentissage (TSL) et travaille donc toujours sur l\u2019accessibilit\u00e9 des contenus. <\/p>\n<p>[\/et_pb_text][et_pb_button button_url=\u00a0\u00bbhttps:\/\/logopsycom.com\/\u00a0\u00bb url_new_window=\u00a0\u00bbon\u00a0\u00bb button_text=\u00a0\u00bbVoir le site internet\u00a0\u00bb _builder_version=\u00a0\u00bb4.23&Prime; _module_preset=\u00a0\u00bbb02491ff-7a74-4b7c-bb6b-3dede04a637c\u00a0\u00bb global_colors_info=\u00a0\u00bb{}\u00a0\u00bb][\/et_pb_button][\/et_pb_column][\/et_pb_row][\/et_pb_section]<\/p>\n","protected":false},"excerpt":{"rendered":"<p>Les Apprimeurs France Les Apprimeurs est une entreprise fran\u00e7aise sp\u00e9cialis\u00e9e dans la cr\u00e9ation de solutions num\u00e9riques sur mesure pour les secteurs de l\u2019\u00e9ducation, de la culture et de la formation. Nous travaillons \u00e0 la promotion des comp\u00e9tences de base, des comp\u00e9tences non techniques et de l\u2019acc\u00e8s au savoir pour tous par le biais de formations, [&hellip;]<\/p>\n","protected":false},"author":1,"featured_media":0,"parent":0,"menu_order":0,"comment_status":"closed","ping_status":"closed","template":"","meta":{"_acf_changed":false,"_et_pb_use_builder":"on","_et_pb_old_content":"","_et_gb_content_width":"","footnotes":""},"class_list":["post-2010","page","type-page","status-publish","hentry"],"acf":[],"_links":{"self":[{"href":"https:\/\/breaking-taboos.eu\/fr\/wp-json\/wp\/v2\/pages\/2010","targetHints":{"allow":["GET"]}}],"collection":[{"href":"https:\/\/breaking-taboos.eu\/fr\/wp-json\/wp\/v2\/pages"}],"about":[{"href":"https:\/\/breaking-taboos.eu\/fr\/wp-json\/wp\/v2\/types\/page"}],"author":[{"embeddable":true,"href":"https:\/\/breaking-taboos.eu\/fr\/wp-json\/wp\/v2\/users\/1"}],"replies":[{"embeddable":true,"href":"https:\/\/breaking-taboos.eu\/fr\/wp-json\/wp\/v2\/comments?post=2010"}],"version-history":[{"count":10,"href":"https:\/\/breaking-taboos.eu\/fr\/wp-json\/wp\/v2\/pages\/2010\/revisions"}],"predecessor-version":[{"id":8054,"href":"https:\/\/breaking-taboos.eu\/fr\/wp-json\/wp\/v2\/pages\/2010\/revisions\/8054"}],"wp:attachment":[{"href":"https:\/\/breaking-taboos.eu\/fr\/wp-json\/wp\/v2\/media?parent=2010"}],"curies":[{"name":"wp","href":"https:\/\/api.w.org\/{rel}","templated":true}]}}