{"id":1770,"date":"2023-12-15T14:36:52","date_gmt":"2023-12-15T13:36:52","guid":{"rendered":"https:\/\/breaking-taboos.eu\/le-projet\/"},"modified":"2024-07-26T15:26:23","modified_gmt":"2024-07-26T13:26:23","slug":"le-projet","status":"publish","type":"page","link":"https:\/\/breaking-taboos.eu\/fr\/le-projet\/","title":{"rendered":"Le projet"},"content":{"rendered":"\n<h2 class=\"wp-block-heading\">Contexte<\/h2>\n\n<p>Aujourd&rsquo;hui, la sant\u00e9 mentale est devenue un sujet prioritaire pour une grande partie de la soci\u00e9t\u00e9. Ce n&rsquo;est pas seulement d\u00fb au fait que la plupart des personnes concern\u00e9es sont des adolescents &#8211; le suicide \u00e9tant la deuxi\u00e8me cause de mortalit\u00e9 chez les jeunes en 2022 selon l&rsquo;Unicef &#8211; mais aussi parce qu&rsquo;elle est encore stigmatis\u00e9e, isolant encore plus les personnes qui font face \u00e0 des probl\u00e8mes de sant\u00e9 mentale.<\/p>\n\n<p>Le projet europ\u00e9en Breaking Taboos about Mental Health a pour objectif de :<\/p>\n\n<ul class=\"wp-block-list\">\n<li>d\u00e9construire les pr\u00e9jug\u00e9s sur la sant\u00e9 mentale et les troubles mentaux ;<\/li>\n\n\n\n<li>sensibiliser les gens \u00e0 ce sujet, en particulier les jeunes ;<\/li>\n\n\n\n<li>former les professionnels travaillant avec des jeunes entre 15 et 19 ans.<\/li>\n<\/ul>\n\n<h2 class=\"wp-block-heading\">Les engagements du partenariat<\/h2>\n\n<p>Afin d&rsquo;atteindre cet objectif, les partenaires travaillent \u00e0 la cr\u00e9ation de ressources utiles :<\/p>\n\n<ul class=\"wp-block-list\">\n<li><strong>Un kit de pr\u00e9vention<\/strong> &#8211; contenant un guide pour les \u00e9ducateurs, des infographies, des posters et un carnet en langage clair \u00e0 destination des adolescents<\/li>\n\n\n\n<li><strong>5 bandes dessin\u00e9es interactives<\/strong> &#8211; au sujet des troubles mentaux afin de sensibiliser les jeunes \u00e0 ces sujets et de leur offrir un autre type de soutien<\/li>\n\n\n\n<li><strong>30 fiches p\u00e9dadogiques et d&rsquo;activit\u00e9s pour les professionnels<\/strong> &#8211; afin d&rsquo;int\u00e9grer des connaissances th\u00e9oriques dans leurs pratiques quotidiennes<\/li>\n\n\n\n<li><strong>Un quiz d&rsquo;auto-\u00e9valuation<\/strong> &#8211; pour les \u00e9ducateurs afin de tester leurs connaissances sur les questions de sant\u00e9 mentale<\/li>\n\n\n\n<li><strong>25 bonnes pratiques<\/strong> &#8211; pour s&rsquo;inspirer des pratiques innovantes en mati\u00e8re de sant\u00e9 mentale men\u00e9es par des structures europ\u00e9ennes<\/li>\n<\/ul>\n\n<p>Nous sommes convaincus que la sant\u00e9 mentale devrait \u00eatre un sujet prioritaire dans la vie de chacun. C&rsquo;est pourquoi nous voulons contribuer \u00e0 la d\u00e9construction des st\u00e9r\u00e9otypes qui l&rsquo;entoure en cr\u00e9ant un terrain fertile de partage et de coop\u00e9ration dans l&rsquo;espoir de cr\u00e9er ensemble un future plus heureux, mais surtout plus sain.<\/p>\n\n<h2 class=\"wp-block-heading\">Soutien et financement<\/h2>\n\n<p>Le projet Breaking Taboos about Mental Health est soutenu par le programme Erasmus+.<\/p>\n","protected":false},"excerpt":{"rendered":"<p>Contexte Aujourd&rsquo;hui, la sant\u00e9 mentale est devenue un sujet prioritaire pour une grande partie de la soci\u00e9t\u00e9. Ce n&rsquo;est pas seulement d\u00fb au fait que la plupart des personnes concern\u00e9es sont des adolescents &#8211; le suicide \u00e9tant la deuxi\u00e8me cause de mortalit\u00e9 chez les jeunes en 2022 selon l&rsquo;Unicef &#8211; mais aussi parce qu&rsquo;elle est [&hellip;]<\/p>\n","protected":false},"author":1,"featured_media":0,"parent":0,"menu_order":0,"comment_status":"closed","ping_status":"closed","template":"","meta":{"_acf_changed":false,"_et_pb_use_builder":"off","_et_pb_old_content":"","_et_gb_content_width":"","footnotes":""},"class_list":["post-1770","page","type-page","status-publish","hentry"],"acf":[],"_links":{"self":[{"href":"https:\/\/breaking-taboos.eu\/fr\/wp-json\/wp\/v2\/pages\/1770","targetHints":{"allow":["GET"]}}],"collection":[{"href":"https:\/\/breaking-taboos.eu\/fr\/wp-json\/wp\/v2\/pages"}],"about":[{"href":"https:\/\/breaking-taboos.eu\/fr\/wp-json\/wp\/v2\/types\/page"}],"author":[{"embeddable":true,"href":"https:\/\/breaking-taboos.eu\/fr\/wp-json\/wp\/v2\/users\/1"}],"replies":[{"embeddable":true,"href":"https:\/\/breaking-taboos.eu\/fr\/wp-json\/wp\/v2\/comments?post=1770"}],"version-history":[{"count":1,"href":"https:\/\/breaking-taboos.eu\/fr\/wp-json\/wp\/v2\/pages\/1770\/revisions"}],"predecessor-version":[{"id":1771,"href":"https:\/\/breaking-taboos.eu\/fr\/wp-json\/wp\/v2\/pages\/1770\/revisions\/1771"}],"wp:attachment":[{"href":"https:\/\/breaking-taboos.eu\/fr\/wp-json\/wp\/v2\/media?parent=1770"}],"curies":[{"name":"wp","href":"https:\/\/api.w.org\/{rel}","templated":true}]}}